{"id":46805,"date":"2025-07-21T11:27:04","date_gmt":"2025-07-21T09:27:04","guid":{"rendered":"https:\/\/dmd.eu\/?post_type=product&#038;p=46805"},"modified":"2025-12-02T00:13:22","modified_gmt":"2025-12-01T23:13:22","slug":"inner-lining-seventyseven","status":"publish","type":"product","link":"https:\/\/dmd.eu\/fr\/prodotto\/casques-integraux\/accessoires-integraux\/inner-lining-seventyseven\/","title":{"rendered":"INNER LINING SEVENTYSEVEN"},"content":{"rendered":"<p>L&rsquo;<strong>accessoire Inner Lining Seventyseven<\/strong> est une doublure int\u00e9rieure enti\u00e8rement amovible et lavable pour la gamme de casques de moto DMD Seventyseven. Le rembourrage au niveau de la t\u00eate et les coussinets de joue sont amovibles afin de pouvoir les ajuster. L\u2019Inner Lining Seventyseven vous permet de changer la taille de votre casque Seventyseven, mais seulement si la taille de la calotte est la m\u00eame. Il est disponible de la taille XS \u00e0 XXL.<\/p>\n","protected":false},"excerpt":{"rendered":"<p>L&rsquo;accessoire Inner Lining Seventyseven est une doublure int\u00e9rieure enti\u00e8rement amovible et lavable pour la gamme de casques de moto DMD Seventyseven. Le rembourrage au niveau de la t\u00eate et les coussinets de joue sont amovibles afin de pouvoir les ajuster. L\u2019Inner Lining Seventyseven vous permet de changer la taille de votre casque Seventyseven, mais seulement [&hellip;]<\/p>\n","protected":false},"featured_media":46829,"comment_status":"closed","ping_status":"closed","template":"","meta":{"_acf_changed":false},"product_brand":[],"product_cat":[362,129],"product_tag":[],"giftcard-category":[],"class_list":{"0":"post-46805","1":"product","2":"type-product","3":"status-publish","4":"has-post-thumbnail","6":"product_cat-accessoires-integraux","7":"product_cat-casques-integraux","9":"first","10":"outofstock","11":"taxable","12":"shipping-taxable","13":"purchasable","14":"product-type-variable"},"acf":[],"jetpack_sharing_enabled":true,"_links":{"self":[{"href":"https:\/\/dmd.eu\/fr\/wp-json\/wp\/v2\/product\/46805","targetHints":{"allow":["GET"]}}],"collection":[{"href":"https:\/\/dmd.eu\/fr\/wp-json\/wp\/v2\/product"}],"about":[{"href":"https:\/\/dmd.eu\/fr\/wp-json\/wp\/v2\/types\/product"}],"replies":[{"embeddable":true,"href":"https:\/\/dmd.eu\/fr\/wp-json\/wp\/v2\/comments?post=46805"}],"wp:featuredmedia":[{"embeddable":true,"href":"https:\/\/dmd.eu\/fr\/wp-json\/wp\/v2\/media\/46829"}],"wp:attachment":[{"href":"https:\/\/dmd.eu\/fr\/wp-json\/wp\/v2\/media?parent=46805"}],"wp:term":[{"taxonomy":"product_brand","embeddable":true,"href":"https:\/\/dmd.eu\/fr\/wp-json\/wp\/v2\/product_brand?post=46805"},{"taxonomy":"product_cat","embeddable":true,"href":"https:\/\/dmd.eu\/fr\/wp-json\/wp\/v2\/product_cat?post=46805"},{"taxonomy":"product_tag","embeddable":true,"href":"https:\/\/dmd.eu\/fr\/wp-json\/wp\/v2\/product_tag?post=46805"},{"taxonomy":"giftcard-category","embeddable":true,"href":"https:\/\/dmd.eu\/fr\/wp-json\/wp\/v2\/giftcard-category?post=46805"}],"curies":[{"name":"wp","href":"https:\/\/api.w.org\/{rel}","templated":true}]}}