{"id":46437,"date":"2025-07-15T15:11:47","date_gmt":"2025-07-15T13:11:47","guid":{"rendered":"https:\/\/dmd.eu\/?post_type=product&#038;p=46437"},"modified":"2025-12-02T00:13:23","modified_gmt":"2025-12-01T23:13:23","slug":"violet","status":"publish","type":"product","link":"https:\/\/dmd.eu\/fr\/prodotto\/ventes\/casques-sale\/violet\/","title":{"rendered":"VIOLET"},"content":{"rendered":"<p>Le<strong> casque jet Handmade Violet<\/strong> est enti\u00e8rement peint \u00e0 la main, le violet monochrome rend ce mod\u00e8le extr\u00eamement \u00e9l\u00e9gant et intemporel. Id\u00e9al pour motos Custom, Caf\u00e9 racer ou scooter, le <strong>casque jet Handmade Violet<\/strong> a une allure r\u00e9tro, tout en r\u00e9pondant aux normes d&rsquo;homologation modernes.<\/p>\n","protected":false},"excerpt":{"rendered":"<p>Le casque jet Handmade Violet est enti\u00e8rement peint \u00e0 la main, le violet monochrome rend ce mod\u00e8le extr\u00eamement \u00e9l\u00e9gant et intemporel. Id\u00e9al pour motos Custom, Caf\u00e9 racer ou scooter, le casque jet Handmade Violet a une allure r\u00e9tro, tout en r\u00e9pondant aux normes d&rsquo;homologation modernes.<\/p>\n","protected":false},"featured_media":46493,"comment_status":"closed","ping_status":"closed","template":"","meta":{"_acf_changed":false},"product_brand":[],"product_cat":[421,408],"product_tag":[],"giftcard-category":[],"class_list":{"0":"post-46437","1":"product","2":"type-product","3":"status-publish","4":"has-post-thumbnail","6":"product_cat-casques-sale","7":"product_cat-ventes","9":"first","10":"instock","11":"taxable","12":"shipping-taxable","13":"purchasable","14":"product-type-variable"},"acf":[],"jetpack_sharing_enabled":true,"_links":{"self":[{"href":"https:\/\/dmd.eu\/fr\/wp-json\/wp\/v2\/product\/46437","targetHints":{"allow":["GET"]}}],"collection":[{"href":"https:\/\/dmd.eu\/fr\/wp-json\/wp\/v2\/product"}],"about":[{"href":"https:\/\/dmd.eu\/fr\/wp-json\/wp\/v2\/types\/product"}],"replies":[{"embeddable":true,"href":"https:\/\/dmd.eu\/fr\/wp-json\/wp\/v2\/comments?post=46437"}],"wp:featuredmedia":[{"embeddable":true,"href":"https:\/\/dmd.eu\/fr\/wp-json\/wp\/v2\/media\/46493"}],"wp:attachment":[{"href":"https:\/\/dmd.eu\/fr\/wp-json\/wp\/v2\/media?parent=46437"}],"wp:term":[{"taxonomy":"product_brand","embeddable":true,"href":"https:\/\/dmd.eu\/fr\/wp-json\/wp\/v2\/product_brand?post=46437"},{"taxonomy":"product_cat","embeddable":true,"href":"https:\/\/dmd.eu\/fr\/wp-json\/wp\/v2\/product_cat?post=46437"},{"taxonomy":"product_tag","embeddable":true,"href":"https:\/\/dmd.eu\/fr\/wp-json\/wp\/v2\/product_tag?post=46437"},{"taxonomy":"giftcard-category","embeddable":true,"href":"https:\/\/dmd.eu\/fr\/wp-json\/wp\/v2\/giftcard-category?post=46437"}],"curies":[{"name":"wp","href":"https:\/\/api.w.org\/{rel}","templated":true}]}}