{"id":4631,"date":"2023-08-21T11:24:16","date_gmt":"2023-08-21T09:24:16","guid":{"rendered":"https:\/\/www.dmd.eu\/product\/non%20class\u00e9\/rivale-razor\/"},"modified":"2024-05-31T09:48:41","modified_gmt":"2024-05-31T07:48:41","slug":"rivale-razor","status":"publish","type":"product","link":"https:\/\/dmd.eu\/fr\/prodotto\/ventes\/casques-sale\/rivale-razor\/","title":{"rendered":"RIVALE RAZOR"},"content":{"rendered":"<p>Le <strong>casque int\u00e9<\/strong><strong>graux Rivale Razor<\/strong>\u00a0a un design essentiel qui cache un concentr\u00e9 d&rsquo;innovation et de technologie.<br \/>\nGr\u00e2ce \u00e0 une nouvelle fibre tri-composite, nous avons pu cr\u00e9er un produit super-compact qui r\u00e9pond \u00e0 toutes les normes de s\u00e9curit\u00e9 modernes et offre un ajustement confortable.<br \/>\nUn casque int\u00e9graux \u00e0 l\u2019allure classique qui rend hommage aux ann\u00e9es fastes du sport motocycliste.<br \/>\nOriginal dans cette variante pleine de d\u00e9tails.<br \/>\nFabriqu\u00e9 en Italie, avec passion.<\/p>\n","protected":false},"excerpt":{"rendered":"<p>Le casque int\u00e9graux Rivale Razor\u00a0a un design essentiel qui cache un concentr\u00e9 d&rsquo;innovation et de technologie. Gr\u00e2ce \u00e0 une nouvelle fibre tri-composite, nous avons pu cr\u00e9er un produit super-compact qui r\u00e9pond \u00e0 toutes les normes de s\u00e9curit\u00e9 modernes et offre un ajustement confortable. Un casque int\u00e9graux \u00e0 l\u2019allure classique qui rend hommage aux ann\u00e9es fastes [&hellip;]<\/p>\n","protected":false},"featured_media":23521,"comment_status":"closed","ping_status":"closed","template":"","meta":{"_acf_changed":false},"product_brand":[],"product_cat":[421,408],"product_tag":[],"giftcard-category":[],"class_list":{"0":"post-4631","1":"product","2":"type-product","3":"status-publish","4":"has-post-thumbnail","6":"product_cat-casques-sale","7":"product_cat-ventes","9":"first","10":"instock","11":"sale","12":"taxable","13":"shipping-taxable","14":"purchasable","15":"product-type-variable"},"acf":[],"jetpack_sharing_enabled":true,"_links":{"self":[{"href":"https:\/\/dmd.eu\/fr\/wp-json\/wp\/v2\/product\/4631","targetHints":{"allow":["GET"]}}],"collection":[{"href":"https:\/\/dmd.eu\/fr\/wp-json\/wp\/v2\/product"}],"about":[{"href":"https:\/\/dmd.eu\/fr\/wp-json\/wp\/v2\/types\/product"}],"replies":[{"embeddable":true,"href":"https:\/\/dmd.eu\/fr\/wp-json\/wp\/v2\/comments?post=4631"}],"wp:featuredmedia":[{"embeddable":true,"href":"https:\/\/dmd.eu\/fr\/wp-json\/wp\/v2\/media\/23521"}],"wp:attachment":[{"href":"https:\/\/dmd.eu\/fr\/wp-json\/wp\/v2\/media?parent=4631"}],"wp:term":[{"taxonomy":"product_brand","embeddable":true,"href":"https:\/\/dmd.eu\/fr\/wp-json\/wp\/v2\/product_brand?post=4631"},{"taxonomy":"product_cat","embeddable":true,"href":"https:\/\/dmd.eu\/fr\/wp-json\/wp\/v2\/product_cat?post=4631"},{"taxonomy":"product_tag","embeddable":true,"href":"https:\/\/dmd.eu\/fr\/wp-json\/wp\/v2\/product_tag?post=4631"},{"taxonomy":"giftcard-category","embeddable":true,"href":"https:\/\/dmd.eu\/fr\/wp-json\/wp\/v2\/giftcard-category?post=4631"}],"curies":[{"name":"wp","href":"https:\/\/api.w.org\/{rel}","templated":true}]}}