{"id":43216,"date":"2025-05-16T15:30:18","date_gmt":"2025-05-16T13:30:18","guid":{"rendered":"https:\/\/dmd.eu\/prodotto\/non%20class\u00e9\/tabu-2\/"},"modified":"2025-12-03T01:58:03","modified_gmt":"2025-12-03T00:58:03","slug":"tabu-2","status":"publish","type":"product","link":"https:\/\/dmd.eu\/fr\/prodotto\/ventes\/casques-sale\/tabu-2\/","title":{"rendered":"TABU"},"content":{"rendered":"<p>Le casque en \u00e9dition limit\u00e9e rend hommage au style intemporel de la l\u00e9gendaire \u00ab\u00a0old school\u00a0\u00bb. Sur une base noire brillante, des d\u00e9tails dor\u00e9s et blancs s\u2019entrelacent, \u00e9voquant les casques embl\u00e9matiques des ann\u00e9es 70 et nous replongeant dans la magie d\u2019une \u00e9poque inoubliable. Une visi\u00e8re off-road assortie au design du casque est incluse.<\/p>\n<p>Made in Italy.<\/p>\n","protected":false},"excerpt":{"rendered":"<p>Le casque en \u00e9dition limit\u00e9e rend hommage au style intemporel de la l\u00e9gendaire \u00ab\u00a0old school\u00a0\u00bb. Sur une base noire brillante, des d\u00e9tails dor\u00e9s et blancs s\u2019entrelacent, \u00e9voquant les casques embl\u00e9matiques des ann\u00e9es 70 et nous replongeant dans la magie d\u2019une \u00e9poque inoubliable. Une visi\u00e8re off-road assortie au design du casque est incluse. Made in Italy.<\/p>\n","protected":false},"featured_media":43518,"comment_status":"closed","ping_status":"closed","template":"","meta":{"_acf_changed":false},"product_brand":[],"product_cat":[421,408],"product_tag":[],"giftcard-category":[],"class_list":{"0":"post-43216","1":"product","2":"type-product","3":"status-publish","4":"has-post-thumbnail","6":"product_cat-casques-sale","7":"product_cat-ventes","9":"first","10":"instock","11":"sale","12":"taxable","13":"shipping-taxable","14":"purchasable","15":"product-type-variable"},"acf":[],"jetpack_sharing_enabled":true,"_links":{"self":[{"href":"https:\/\/dmd.eu\/fr\/wp-json\/wp\/v2\/product\/43216","targetHints":{"allow":["GET"]}}],"collection":[{"href":"https:\/\/dmd.eu\/fr\/wp-json\/wp\/v2\/product"}],"about":[{"href":"https:\/\/dmd.eu\/fr\/wp-json\/wp\/v2\/types\/product"}],"replies":[{"embeddable":true,"href":"https:\/\/dmd.eu\/fr\/wp-json\/wp\/v2\/comments?post=43216"}],"wp:featuredmedia":[{"embeddable":true,"href":"https:\/\/dmd.eu\/fr\/wp-json\/wp\/v2\/media\/43518"}],"wp:attachment":[{"href":"https:\/\/dmd.eu\/fr\/wp-json\/wp\/v2\/media?parent=43216"}],"wp:term":[{"taxonomy":"product_brand","embeddable":true,"href":"https:\/\/dmd.eu\/fr\/wp-json\/wp\/v2\/product_brand?post=43216"},{"taxonomy":"product_cat","embeddable":true,"href":"https:\/\/dmd.eu\/fr\/wp-json\/wp\/v2\/product_cat?post=43216"},{"taxonomy":"product_tag","embeddable":true,"href":"https:\/\/dmd.eu\/fr\/wp-json\/wp\/v2\/product_tag?post=43216"},{"taxonomy":"giftcard-category","embeddable":true,"href":"https:\/\/dmd.eu\/fr\/wp-json\/wp\/v2\/giftcard-category?post=43216"}],"curies":[{"name":"wp","href":"https:\/\/api.w.org\/{rel}","templated":true}]}}