{"id":4104,"date":"2023-08-20T14:09:45","date_gmt":"2023-08-20T12:09:45","guid":{"rendered":"https:\/\/www.dmd.eu\/product\/non%20class\u00e9\/seventyfive-yellow-2\/"},"modified":"2025-12-02T00:14:42","modified_gmt":"2025-12-01T23:14:42","slug":"seventyfive-yellow-2","status":"publish","type":"product","link":"https:\/\/dmd.eu\/fr\/prodotto\/ventes\/casques-sale\/seventyfive-yellow-2\/","title":{"rendered":"SEVENTYFIVE YELLOW"},"content":{"rendered":"<p>Le <strong>casque int\u00e9graux Seventyfive Yellow<\/strong> se distingue par sa couleur jaune vif et sa finition brillante. Introduit en 1975, par opposition au blanc classique des casques standard, il a compl\u00e8tement chang\u00e9 la tendance de l&rsquo;\u00e9poque. DMD a cr\u00e9\u00e9 le Seventyfive Yellow en hommage \u00e0 ce moment-l\u00e0: un casque qui ne passe pas inaper\u00e7u, adapt\u00e9 au motard au temp\u00e9rament ensoleill\u00e9.<br \/>\nSi vous avez une moto Custom, Vintage, Caf\u00e9 racer, Harley Davidson, Triumph, BMW, Honda, Guzzi, Indian, choisissez l&rsquo;originalit\u00e9 du casque int\u00e9graux Seventyfive Yellow.<\/p>\n","protected":false},"excerpt":{"rendered":"<p>Le casque int\u00e9graux Seventyfive Yellow se distingue par sa couleur jaune vif et sa finition brillante. Introduit en 1975, par opposition au blanc classique des casques standard, il a compl\u00e8tement chang\u00e9 la tendance de l&rsquo;\u00e9poque. DMD a cr\u00e9\u00e9 le Seventyfive Yellow en hommage \u00e0 ce moment-l\u00e0: un casque qui ne passe pas inaper\u00e7u, adapt\u00e9 au [&hellip;]<\/p>\n","protected":false},"featured_media":13709,"comment_status":"closed","ping_status":"closed","template":"","meta":{"_acf_changed":false},"product_brand":[],"product_cat":[421,408],"product_tag":[],"giftcard-category":[],"class_list":{"0":"post-4104","1":"product","2":"type-product","3":"status-publish","4":"has-post-thumbnail","6":"product_cat-casques-sale","7":"product_cat-ventes","9":"first","10":"instock","11":"sale","12":"taxable","13":"shipping-taxable","14":"purchasable","15":"product-type-variable"},"acf":[],"jetpack_sharing_enabled":true,"_links":{"self":[{"href":"https:\/\/dmd.eu\/fr\/wp-json\/wp\/v2\/product\/4104","targetHints":{"allow":["GET"]}}],"collection":[{"href":"https:\/\/dmd.eu\/fr\/wp-json\/wp\/v2\/product"}],"about":[{"href":"https:\/\/dmd.eu\/fr\/wp-json\/wp\/v2\/types\/product"}],"replies":[{"embeddable":true,"href":"https:\/\/dmd.eu\/fr\/wp-json\/wp\/v2\/comments?post=4104"}],"wp:featuredmedia":[{"embeddable":true,"href":"https:\/\/dmd.eu\/fr\/wp-json\/wp\/v2\/media\/13709"}],"wp:attachment":[{"href":"https:\/\/dmd.eu\/fr\/wp-json\/wp\/v2\/media?parent=4104"}],"wp:term":[{"taxonomy":"product_brand","embeddable":true,"href":"https:\/\/dmd.eu\/fr\/wp-json\/wp\/v2\/product_brand?post=4104"},{"taxonomy":"product_cat","embeddable":true,"href":"https:\/\/dmd.eu\/fr\/wp-json\/wp\/v2\/product_cat?post=4104"},{"taxonomy":"product_tag","embeddable":true,"href":"https:\/\/dmd.eu\/fr\/wp-json\/wp\/v2\/product_tag?post=4104"},{"taxonomy":"giftcard-category","embeddable":true,"href":"https:\/\/dmd.eu\/fr\/wp-json\/wp\/v2\/giftcard-category?post=4104"}],"curies":[{"name":"wp","href":"https:\/\/api.w.org\/{rel}","templated":true}]}}