{"id":4088,"date":"2023-08-20T14:09:44","date_gmt":"2023-08-20T12:09:44","guid":{"rendered":"https:\/\/www.dmd.eu\/product\/non%20class\u00e9\/seventyfive-eighty\/"},"modified":"2025-12-03T01:58:05","modified_gmt":"2025-12-03T00:58:05","slug":"seventyfive-eighty","status":"publish","type":"product","link":"https:\/\/dmd.eu\/fr\/prodotto\/ventes\/casques-sale\/seventyfive-eighty\/","title":{"rendered":"SEVENTYFIVE EIGHTY"},"content":{"rendered":"<p>Le <strong>casque int\u00e9graux Seventyfive Eighty<\/strong> pr\u00e9sente une base blanche brillante avec des lignes de couleur typiques des l\u00e9gendaires ann\u00e9es 1980. Vivez votre journ\u00e9e avec \u00e9nergie et sortez de la monotonie sans prendre de risques, en portant le casque int\u00e9graux Seventyfive Eighty sur votre moto, que ce soit une moto Custom, Vintage, Caf\u00e9 racer, Harley Davidson, Triumph, BMW, Honda, Guzzi ou Indian.<\/p>\n","protected":false},"excerpt":{"rendered":"<p>Le casque int\u00e9graux Seventyfive Eighty pr\u00e9sente une base blanche brillante avec des lignes de couleur typiques des l\u00e9gendaires ann\u00e9es 1980. Vivez votre journ\u00e9e avec \u00e9nergie et sortez de la monotonie sans prendre de risques, en portant le casque int\u00e9graux Seventyfive Eighty sur votre moto, que ce soit une moto Custom, Vintage, Caf\u00e9 racer, Harley Davidson, [&hellip;]<\/p>\n","protected":false},"featured_media":3613,"comment_status":"closed","ping_status":"closed","template":"","meta":{"_acf_changed":false},"product_brand":[],"product_cat":[421,408],"product_tag":[],"giftcard-category":[],"class_list":{"0":"post-4088","1":"product","2":"type-product","3":"status-publish","4":"has-post-thumbnail","6":"product_cat-casques-sale","7":"product_cat-ventes","9":"first","10":"outofstock","11":"sale","12":"taxable","13":"shipping-taxable","14":"purchasable","15":"product-type-variable"},"acf":[],"jetpack_sharing_enabled":true,"_links":{"self":[{"href":"https:\/\/dmd.eu\/fr\/wp-json\/wp\/v2\/product\/4088","targetHints":{"allow":["GET"]}}],"collection":[{"href":"https:\/\/dmd.eu\/fr\/wp-json\/wp\/v2\/product"}],"about":[{"href":"https:\/\/dmd.eu\/fr\/wp-json\/wp\/v2\/types\/product"}],"replies":[{"embeddable":true,"href":"https:\/\/dmd.eu\/fr\/wp-json\/wp\/v2\/comments?post=4088"}],"wp:featuredmedia":[{"embeddable":true,"href":"https:\/\/dmd.eu\/fr\/wp-json\/wp\/v2\/media\/3613"}],"wp:attachment":[{"href":"https:\/\/dmd.eu\/fr\/wp-json\/wp\/v2\/media?parent=4088"}],"wp:term":[{"taxonomy":"product_brand","embeddable":true,"href":"https:\/\/dmd.eu\/fr\/wp-json\/wp\/v2\/product_brand?post=4088"},{"taxonomy":"product_cat","embeddable":true,"href":"https:\/\/dmd.eu\/fr\/wp-json\/wp\/v2\/product_cat?post=4088"},{"taxonomy":"product_tag","embeddable":true,"href":"https:\/\/dmd.eu\/fr\/wp-json\/wp\/v2\/product_tag?post=4088"},{"taxonomy":"giftcard-category","embeddable":true,"href":"https:\/\/dmd.eu\/fr\/wp-json\/wp\/v2\/giftcard-category?post=4088"}],"curies":[{"name":"wp","href":"https:\/\/api.w.org\/{rel}","templated":true}]}}