{"id":4056,"date":"2023-08-20T14:09:45","date_gmt":"2023-08-20T12:09:45","guid":{"rendered":"https:\/\/www.dmd.eu\/product\/non%20class\u00e9\/seventyfive-cream\/"},"modified":"2025-12-02T00:14:42","modified_gmt":"2025-12-01T23:14:42","slug":"seventyfive-cream","status":"publish","type":"product","link":"https:\/\/dmd.eu\/fr\/prodotto\/ventes\/casques-sale\/seventyfive-cream\/","title":{"rendered":"SEVENTYFIVE CREAM"},"content":{"rendered":"<p>Le <strong>casque int\u00e9graux<\/strong> <strong>Seventyfive\u00a0Cream<\/strong> s&rsquo;inspire d&rsquo;un mod\u00e8le embl\u00e9matique des ann\u00e9es 1970.<br \/>\nIl est tr\u00e8s l\u00e9ger, pour un confort maximal, et offre la s\u00e9curit\u00e9 typique des casques int\u00e9graux.<br \/>\nLa base neutre permet de l&rsquo;associer \u00e0 tout type de moto, qu&rsquo;il s&rsquo;agisse d&rsquo;une Custom, d&rsquo;une Vintage ou d&rsquo;une Caf\u00e9 Racer.<\/p>\n","protected":false},"excerpt":{"rendered":"<p>Le casque int\u00e9graux Seventyfive\u00a0Cream s&rsquo;inspire d&rsquo;un mod\u00e8le embl\u00e9matique des ann\u00e9es 1970. Il est tr\u00e8s l\u00e9ger, pour un confort maximal, et offre la s\u00e9curit\u00e9 typique des casques int\u00e9graux. La base neutre permet de l&rsquo;associer \u00e0 tout type de moto, qu&rsquo;il s&rsquo;agisse d&rsquo;une Custom, d&rsquo;une Vintage ou d&rsquo;une Caf\u00e9 Racer.<\/p>\n","protected":false},"featured_media":13704,"comment_status":"closed","ping_status":"closed","template":"","meta":{"_acf_changed":false},"product_brand":[],"product_cat":[421,408],"product_tag":[],"giftcard-category":[],"class_list":{"0":"post-4056","1":"product","2":"type-product","3":"status-publish","4":"has-post-thumbnail","6":"product_cat-casques-sale","7":"product_cat-ventes","9":"first","10":"instock","11":"sale","12":"taxable","13":"shipping-taxable","14":"purchasable","15":"product-type-variable"},"acf":[],"jetpack_sharing_enabled":true,"_links":{"self":[{"href":"https:\/\/dmd.eu\/fr\/wp-json\/wp\/v2\/product\/4056","targetHints":{"allow":["GET"]}}],"collection":[{"href":"https:\/\/dmd.eu\/fr\/wp-json\/wp\/v2\/product"}],"about":[{"href":"https:\/\/dmd.eu\/fr\/wp-json\/wp\/v2\/types\/product"}],"replies":[{"embeddable":true,"href":"https:\/\/dmd.eu\/fr\/wp-json\/wp\/v2\/comments?post=4056"}],"wp:featuredmedia":[{"embeddable":true,"href":"https:\/\/dmd.eu\/fr\/wp-json\/wp\/v2\/media\/13704"}],"wp:attachment":[{"href":"https:\/\/dmd.eu\/fr\/wp-json\/wp\/v2\/media?parent=4056"}],"wp:term":[{"taxonomy":"product_brand","embeddable":true,"href":"https:\/\/dmd.eu\/fr\/wp-json\/wp\/v2\/product_brand?post=4056"},{"taxonomy":"product_cat","embeddable":true,"href":"https:\/\/dmd.eu\/fr\/wp-json\/wp\/v2\/product_cat?post=4056"},{"taxonomy":"product_tag","embeddable":true,"href":"https:\/\/dmd.eu\/fr\/wp-json\/wp\/v2\/product_tag?post=4056"},{"taxonomy":"giftcard-category","embeddable":true,"href":"https:\/\/dmd.eu\/fr\/wp-json\/wp\/v2\/giftcard-category?post=4056"}],"curies":[{"name":"wp","href":"https:\/\/api.w.org\/{rel}","templated":true}]}}