{"id":39873,"date":"2025-03-03T13:55:24","date_gmt":"2025-03-03T12:55:24","guid":{"rendered":"https:\/\/dmd.eu\/?post_type=product&#038;p=39873"},"modified":"2025-12-02T00:13:26","modified_gmt":"2025-12-01T23:13:26","slug":"lollipop-chupa","status":"publish","type":"product","link":"https:\/\/dmd.eu\/fr\/prodotto\/casques-jet\/casques-retro\/lollipop-chupa\/","title":{"rendered":"LOLLIPOP"},"content":{"rendered":"<p>Ce casque Retro c\u2019est le r\u00e9sultat de la <strong>collaboration<\/strong> avec le brand historique de bon-bon<strong> Chupa Chups<\/strong>. Un casque iconique qui melange la cr\u00e9ativit\u00e9 typique de DMD avec l\u2019\u00e2me joyeuse et amusante du Chupa Chups.<\/p>\n<p>Laissez-vous conqu\u00e9rir par l\u2019originalit\u00e9 de ce mod\u00e8le!<\/p>\n","protected":false},"excerpt":{"rendered":"<p>Ce casque Retro c\u2019est le r\u00e9sultat de la collaboration avec le brand historique de bon-bon Chupa Chups. Un casque iconique qui melange la cr\u00e9ativit\u00e9 typique de DMD avec l\u2019\u00e2me joyeuse et amusante du Chupa Chups. Laissez-vous conqu\u00e9rir par l\u2019originalit\u00e9 de ce mod\u00e8le!<\/p>\n","protected":false},"featured_media":41129,"comment_status":"closed","ping_status":"closed","template":"","meta":{"_acf_changed":false},"product_brand":[],"product_cat":[120,456],"product_tag":[],"giftcard-category":[],"class_list":{"0":"post-39873","1":"product","2":"type-product","3":"status-publish","4":"has-post-thumbnail","6":"product_cat-casques-jet","7":"product_cat-casques-retro","9":"first","10":"instock","11":"taxable","12":"shipping-taxable","13":"purchasable","14":"product-type-variable"},"acf":[],"jetpack_sharing_enabled":true,"_links":{"self":[{"href":"https:\/\/dmd.eu\/fr\/wp-json\/wp\/v2\/product\/39873","targetHints":{"allow":["GET"]}}],"collection":[{"href":"https:\/\/dmd.eu\/fr\/wp-json\/wp\/v2\/product"}],"about":[{"href":"https:\/\/dmd.eu\/fr\/wp-json\/wp\/v2\/types\/product"}],"replies":[{"embeddable":true,"href":"https:\/\/dmd.eu\/fr\/wp-json\/wp\/v2\/comments?post=39873"}],"wp:featuredmedia":[{"embeddable":true,"href":"https:\/\/dmd.eu\/fr\/wp-json\/wp\/v2\/media\/41129"}],"wp:attachment":[{"href":"https:\/\/dmd.eu\/fr\/wp-json\/wp\/v2\/media?parent=39873"}],"wp:term":[{"taxonomy":"product_brand","embeddable":true,"href":"https:\/\/dmd.eu\/fr\/wp-json\/wp\/v2\/product_brand?post=39873"},{"taxonomy":"product_cat","embeddable":true,"href":"https:\/\/dmd.eu\/fr\/wp-json\/wp\/v2\/product_cat?post=39873"},{"taxonomy":"product_tag","embeddable":true,"href":"https:\/\/dmd.eu\/fr\/wp-json\/wp\/v2\/product_tag?post=39873"},{"taxonomy":"giftcard-category","embeddable":true,"href":"https:\/\/dmd.eu\/fr\/wp-json\/wp\/v2\/giftcard-category?post=39873"}],"curies":[{"name":"wp","href":"https:\/\/api.w.org\/{rel}","templated":true}]}}