{"id":39556,"date":"2025-02-20T16:47:41","date_gmt":"2025-02-20T15:47:41","guid":{"rendered":"https:\/\/dmd.eu\/?post_type=product&#038;p=39556"},"modified":"2025-12-02T00:13:26","modified_gmt":"2025-12-01T23:13:26","slug":"seventyseven-flower-power","status":"publish","type":"product","link":"https:\/\/dmd.eu\/fr\/prodotto\/casques-integraux\/seventyseven-helmets-fr\/seventyseven-flower-power\/","title":{"rendered":"SEVENTYSEVEN FLOWER POWER"},"content":{"rendered":"<p>Le <strong>casque int\u00e9graux Seventyseven Flower Power<\/strong> est un produit unique, avec un graphisme complexe et riche en d\u00e9tails, cr\u00e9\u00e9 exclusivement pour DMD. Il incarne tous les \u00e9l\u00e9ments d\u2019une \u00e9poque magique et de grands changements: les ann\u00e9es soixante-dix.<br \/>\nL\u00e9ger, au design vintage, avec une couleur et un graphisme uniques, il offre un maximum de s\u00e9curit\u00e9 et de confort.<br \/>\n\u00c9quip\u00e9 d\u2019un \u00e9cran solaire interne escamotable.<br \/>\nFinition en peinture brillante.<\/p>\n","protected":false},"excerpt":{"rendered":"<p>Le casque int\u00e9graux Seventyseven Flower Power est un produit unique, avec un graphisme complexe et riche en d\u00e9tails, cr\u00e9\u00e9 exclusivement pour DMD. Il incarne tous les \u00e9l\u00e9ments d\u2019une \u00e9poque magique et de grands changements: les ann\u00e9es soixante-dix. L\u00e9ger, au design vintage, avec une couleur et un graphisme uniques, il offre un maximum de s\u00e9curit\u00e9 et [&hellip;]<\/p>\n","protected":false},"featured_media":45191,"comment_status":"closed","ping_status":"closed","template":"","meta":{"_acf_changed":false},"product_brand":[],"product_cat":[129,463],"product_tag":[],"giftcard-category":[],"class_list":{"0":"post-39556","1":"product","2":"type-product","3":"status-publish","4":"has-post-thumbnail","6":"product_cat-casques-integraux","7":"product_cat-seventyseven-helmets-fr","9":"first","10":"instock","11":"taxable","12":"shipping-taxable","13":"purchasable","14":"product-type-variable"},"acf":[],"jetpack_sharing_enabled":true,"_links":{"self":[{"href":"https:\/\/dmd.eu\/fr\/wp-json\/wp\/v2\/product\/39556","targetHints":{"allow":["GET"]}}],"collection":[{"href":"https:\/\/dmd.eu\/fr\/wp-json\/wp\/v2\/product"}],"about":[{"href":"https:\/\/dmd.eu\/fr\/wp-json\/wp\/v2\/types\/product"}],"replies":[{"embeddable":true,"href":"https:\/\/dmd.eu\/fr\/wp-json\/wp\/v2\/comments?post=39556"}],"wp:featuredmedia":[{"embeddable":true,"href":"https:\/\/dmd.eu\/fr\/wp-json\/wp\/v2\/media\/45191"}],"wp:attachment":[{"href":"https:\/\/dmd.eu\/fr\/wp-json\/wp\/v2\/media?parent=39556"}],"wp:term":[{"taxonomy":"product_brand","embeddable":true,"href":"https:\/\/dmd.eu\/fr\/wp-json\/wp\/v2\/product_brand?post=39556"},{"taxonomy":"product_cat","embeddable":true,"href":"https:\/\/dmd.eu\/fr\/wp-json\/wp\/v2\/product_cat?post=39556"},{"taxonomy":"product_tag","embeddable":true,"href":"https:\/\/dmd.eu\/fr\/wp-json\/wp\/v2\/product_tag?post=39556"},{"taxonomy":"giftcard-category","embeddable":true,"href":"https:\/\/dmd.eu\/fr\/wp-json\/wp\/v2\/giftcard-category?post=39556"}],"curies":[{"name":"wp","href":"https:\/\/api.w.org\/{rel}","templated":true}]}}