{"id":39274,"date":"2025-02-20T16:17:10","date_gmt":"2025-02-20T15:17:10","guid":{"rendered":"https:\/\/dmd.eu\/?post_type=product&#038;p=39274"},"modified":"2025-12-02T00:13:27","modified_gmt":"2025-12-01T23:13:27","slug":"seventyseven-waves","status":"publish","type":"product","link":"https:\/\/dmd.eu\/fr\/prodotto\/casques-integraux\/seventyseven-helmets-fr\/seventyseven-waves\/","title":{"rendered":"SEVENTYSEVEN WAVES"},"content":{"rendered":"<p>Le <strong>casque int\u00e9graux Seventyseven Waves<\/strong> s\u2019inspire des motos de route des ann\u00e9es 70, notamment la Honda CB, dont la version marron fut l\u2019un des mod\u00e8les les plus vendus. L\u00e9ger, au design vintage, avec une couleur et un graphisme uniques, il offre un maximum de s\u00e9curit\u00e9 et de confort. Les tons chauds de rouge, orange et jaune d\u00e9corent le casque Waves.<br \/>\nSi tu es un motard passionn\u00e9 par le style vintage et que tu recherches un produit s\u00fbr, confortable et au design unique, choisis le <strong>casque int\u00e9graux Seventyseven Waves<\/strong> pour ta moto Custom, Vintage, Caf\u00e9 Racer, Harley Davidson, Triumph, BMW, Honda, Guzzi ou Indian. Il est \u00e9quip\u00e9 d\u2019une visi\u00e8re solaire interne escamotable, le rendant pratique, confortable et s\u00fbr.<\/p>\n","protected":false},"excerpt":{"rendered":"<p>Le casque int\u00e9graux Seventyseven Waves s\u2019inspire des motos de route des ann\u00e9es 70, notamment la Honda CB, dont la version marron fut l\u2019un des mod\u00e8les les plus vendus. L\u00e9ger, au design vintage, avec une couleur et un graphisme uniques, il offre un maximum de s\u00e9curit\u00e9 et de confort. Les tons chauds de rouge, orange et [&hellip;]<\/p>\n","protected":false},"featured_media":46582,"comment_status":"closed","ping_status":"closed","template":"","meta":{"_acf_changed":false},"product_brand":[],"product_cat":[129,463],"product_tag":[],"giftcard-category":[],"class_list":{"0":"post-39274","1":"product","2":"type-product","3":"status-publish","4":"has-post-thumbnail","6":"product_cat-casques-integraux","7":"product_cat-seventyseven-helmets-fr","9":"first","10":"instock","11":"taxable","12":"shipping-taxable","13":"purchasable","14":"product-type-variable"},"acf":[],"jetpack_sharing_enabled":true,"_links":{"self":[{"href":"https:\/\/dmd.eu\/fr\/wp-json\/wp\/v2\/product\/39274","targetHints":{"allow":["GET"]}}],"collection":[{"href":"https:\/\/dmd.eu\/fr\/wp-json\/wp\/v2\/product"}],"about":[{"href":"https:\/\/dmd.eu\/fr\/wp-json\/wp\/v2\/types\/product"}],"replies":[{"embeddable":true,"href":"https:\/\/dmd.eu\/fr\/wp-json\/wp\/v2\/comments?post=39274"}],"wp:featuredmedia":[{"embeddable":true,"href":"https:\/\/dmd.eu\/fr\/wp-json\/wp\/v2\/media\/46582"}],"wp:attachment":[{"href":"https:\/\/dmd.eu\/fr\/wp-json\/wp\/v2\/media?parent=39274"}],"wp:term":[{"taxonomy":"product_brand","embeddable":true,"href":"https:\/\/dmd.eu\/fr\/wp-json\/wp\/v2\/product_brand?post=39274"},{"taxonomy":"product_cat","embeddable":true,"href":"https:\/\/dmd.eu\/fr\/wp-json\/wp\/v2\/product_cat?post=39274"},{"taxonomy":"product_tag","embeddable":true,"href":"https:\/\/dmd.eu\/fr\/wp-json\/wp\/v2\/product_tag?post=39274"},{"taxonomy":"giftcard-category","embeddable":true,"href":"https:\/\/dmd.eu\/fr\/wp-json\/wp\/v2\/giftcard-category?post=39274"}],"curies":[{"name":"wp","href":"https:\/\/api.w.org\/{rel}","templated":true}]}}