{"id":39105,"date":"2025-02-17T15:02:35","date_gmt":"2025-02-17T14:02:35","guid":{"rendered":"https:\/\/dmd.eu\/?post_type=product&#038;p=39105"},"modified":"2025-12-02T00:13:27","modified_gmt":"2025-12-01T23:13:27","slug":"seventyseven-petrol-copia-copia-copia-copia-copia","status":"publish","type":"product","link":"https:\/\/dmd.eu\/fr\/prodotto\/casques-integraux\/seventyseven-helmets-fr\/seventyseven-petrol-copia-copia-copia-copia-copia\/","title":{"rendered":"SEVENTYSEVEN SAILOR"},"content":{"rendered":"<p>Le <strong>casque int\u00e9graux Seventyseven Sailor<\/strong> s\u2019inspire d\u2019un mod\u00e8le iconique des ann\u00e9es 70. Il est tr\u00e8s l\u00e9ger, au design vintage, et offre un maximum de s\u00e9curit\u00e9 et de confort.<br \/>\nGr\u00e2ce \u00e0 sa couleur gris mat, il s\u2019adapte parfaitement \u00e0 tout type de moto Custom, Vintage, Caf\u00e9 Racer ou Harley Davidson. Il est \u00e9quip\u00e9 d\u2019une visi\u00e8re solaire interne escamotable, le rendant pratique, confortable et s\u00fbr.<\/p>\n","protected":false},"excerpt":{"rendered":"<p>Le casque int\u00e9graux Seventyseven Sailor s\u2019inspire d\u2019un mod\u00e8le iconique des ann\u00e9es 70. Il est tr\u00e8s l\u00e9ger, au design vintage, et offre un maximum de s\u00e9curit\u00e9 et de confort. Gr\u00e2ce \u00e0 sa couleur gris mat, il s\u2019adapte parfaitement \u00e0 tout type de moto Custom, Vintage, Caf\u00e9 Racer ou Harley Davidson. Il est \u00e9quip\u00e9 d\u2019une visi\u00e8re solaire [&hellip;]<\/p>\n","protected":false},"featured_media":46602,"comment_status":"closed","ping_status":"closed","template":"","meta":{"_acf_changed":false},"product_brand":[],"product_cat":[129,463],"product_tag":[],"giftcard-category":[],"class_list":{"0":"post-39105","1":"product","2":"type-product","3":"status-publish","4":"has-post-thumbnail","6":"product_cat-casques-integraux","7":"product_cat-seventyseven-helmets-fr","9":"first","10":"instock","11":"taxable","12":"shipping-taxable","13":"purchasable","14":"product-type-variable"},"acf":[],"jetpack_sharing_enabled":true,"_links":{"self":[{"href":"https:\/\/dmd.eu\/fr\/wp-json\/wp\/v2\/product\/39105","targetHints":{"allow":["GET"]}}],"collection":[{"href":"https:\/\/dmd.eu\/fr\/wp-json\/wp\/v2\/product"}],"about":[{"href":"https:\/\/dmd.eu\/fr\/wp-json\/wp\/v2\/types\/product"}],"replies":[{"embeddable":true,"href":"https:\/\/dmd.eu\/fr\/wp-json\/wp\/v2\/comments?post=39105"}],"wp:featuredmedia":[{"embeddable":true,"href":"https:\/\/dmd.eu\/fr\/wp-json\/wp\/v2\/media\/46602"}],"wp:attachment":[{"href":"https:\/\/dmd.eu\/fr\/wp-json\/wp\/v2\/media?parent=39105"}],"wp:term":[{"taxonomy":"product_brand","embeddable":true,"href":"https:\/\/dmd.eu\/fr\/wp-json\/wp\/v2\/product_brand?post=39105"},{"taxonomy":"product_cat","embeddable":true,"href":"https:\/\/dmd.eu\/fr\/wp-json\/wp\/v2\/product_cat?post=39105"},{"taxonomy":"product_tag","embeddable":true,"href":"https:\/\/dmd.eu\/fr\/wp-json\/wp\/v2\/product_tag?post=39105"},{"taxonomy":"giftcard-category","embeddable":true,"href":"https:\/\/dmd.eu\/fr\/wp-json\/wp\/v2\/giftcard-category?post=39105"}],"curies":[{"name":"wp","href":"https:\/\/api.w.org\/{rel}","templated":true}]}}