{"id":38501,"date":"2025-02-12T12:33:07","date_gmt":"2025-02-12T11:33:07","guid":{"rendered":"https:\/\/dmd.eu\/?post_type=product&#038;p=38501"},"modified":"2026-03-17T16:46:15","modified_gmt":"2026-03-17T15:46:15","slug":"p1-caffe","status":"publish","type":"product","link":"https:\/\/dmd.eu\/fr\/prodotto\/casques-jet\/casques-p1\/p1-caffe\/","title":{"rendered":"P1 CAFF\u00c8"},"content":{"rendered":"<p>Le <strong>casque demi-jet P1 Caff\u00e8<\/strong> est r\u00e9alis\u00e9 en couleur caf\u00e9 mat. Son design compact et simple le rend adapt\u00e9 aux motos Custom, Vintage, Caf\u00e9 Racer et scooters.<br \/>\nIl est l\u00e9ger, confortable \u00e0 porter et conforme \u00e0 la norme ECE 22.06.<\/p>\n","protected":false},"excerpt":{"rendered":"<p>Le casque demi-jet P1 Caff\u00e8 est r\u00e9alis\u00e9 en couleur caf\u00e9 mat. Son design compact et simple le rend adapt\u00e9 aux motos Custom, Vintage, Caf\u00e9 Racer et scooters. Il est l\u00e9ger, confortable \u00e0 porter et conforme \u00e0 la norme ECE 22.06.<\/p>\n","protected":false},"featured_media":45544,"comment_status":"closed","ping_status":"closed","template":"","meta":{"_acf_changed":false},"product_brand":[],"product_cat":[120,124],"product_tag":[],"giftcard-category":[],"class_list":{"0":"post-38501","1":"product","2":"type-product","3":"status-publish","4":"has-post-thumbnail","6":"product_cat-casques-jet","7":"product_cat-casques-p1","9":"first","10":"instock","11":"taxable","12":"shipping-taxable","13":"purchasable","14":"product-type-variable"},"acf":[],"jetpack_sharing_enabled":true,"_links":{"self":[{"href":"https:\/\/dmd.eu\/fr\/wp-json\/wp\/v2\/product\/38501","targetHints":{"allow":["GET"]}}],"collection":[{"href":"https:\/\/dmd.eu\/fr\/wp-json\/wp\/v2\/product"}],"about":[{"href":"https:\/\/dmd.eu\/fr\/wp-json\/wp\/v2\/types\/product"}],"replies":[{"embeddable":true,"href":"https:\/\/dmd.eu\/fr\/wp-json\/wp\/v2\/comments?post=38501"}],"wp:featuredmedia":[{"embeddable":true,"href":"https:\/\/dmd.eu\/fr\/wp-json\/wp\/v2\/media\/45544"}],"wp:attachment":[{"href":"https:\/\/dmd.eu\/fr\/wp-json\/wp\/v2\/media?parent=38501"}],"wp:term":[{"taxonomy":"product_brand","embeddable":true,"href":"https:\/\/dmd.eu\/fr\/wp-json\/wp\/v2\/product_brand?post=38501"},{"taxonomy":"product_cat","embeddable":true,"href":"https:\/\/dmd.eu\/fr\/wp-json\/wp\/v2\/product_cat?post=38501"},{"taxonomy":"product_tag","embeddable":true,"href":"https:\/\/dmd.eu\/fr\/wp-json\/wp\/v2\/product_tag?post=38501"},{"taxonomy":"giftcard-category","embeddable":true,"href":"https:\/\/dmd.eu\/fr\/wp-json\/wp\/v2\/giftcard-category?post=38501"}],"curies":[{"name":"wp","href":"https:\/\/api.w.org\/{rel}","templated":true}]}}