{"id":38356,"date":"2025-02-12T12:14:16","date_gmt":"2025-02-12T11:14:16","guid":{"rendered":"https:\/\/dmd.eu\/?post_type=product&#038;p=38356"},"modified":"2026-03-17T16:45:39","modified_gmt":"2026-03-17T15:45:39","slug":"p1-olive-gold","status":"publish","type":"product","link":"https:\/\/dmd.eu\/fr\/prodotto\/casques-jet\/casques-p1\/p1-olive-gold\/","title":{"rendered":"P1 OLIVE GOLD"},"content":{"rendered":"<p>Le <strong>casque demi-jet P1 Olive Gold<\/strong> est un casque l\u00e9ger et compact, con\u00e7u pour un usage urbain, destin\u00e9 \u00e0 ceux qui recherchent un style distinctif sans renoncer \u00e0 la s\u00e9curit\u00e9. La coque pr\u00e9sente une finition mate vert\/or, \u00e9l\u00e9gante et facile \u00e0 assortir. Il est compatible avec les motos Custom, Vintage, Caf\u00e9 Racer et les scooters. Son design \u00e9pur\u00e9 le rend \u00e9galement confortable pour les trajets quotidiens. Homologation ECE 22.06.<\/p>\n","protected":false},"excerpt":{"rendered":"<p>Le casque demi-jet P1 Olive Gold est un casque l\u00e9ger et compact, con\u00e7u pour un usage urbain, destin\u00e9 \u00e0 ceux qui recherchent un style distinctif sans renoncer \u00e0 la s\u00e9curit\u00e9. La coque pr\u00e9sente une finition mate vert\/or, \u00e9l\u00e9gante et facile \u00e0 assortir. Il est compatible avec les motos Custom, Vintage, Caf\u00e9 Racer et les scooters. [&hellip;]<\/p>\n","protected":false},"featured_media":45554,"comment_status":"closed","ping_status":"closed","template":"","meta":{"_acf_changed":false},"product_brand":[],"product_cat":[120,124],"product_tag":[],"giftcard-category":[],"class_list":{"0":"post-38356","1":"product","2":"type-product","3":"status-publish","4":"has-post-thumbnail","6":"product_cat-casques-jet","7":"product_cat-casques-p1","9":"first","10":"instock","11":"taxable","12":"shipping-taxable","13":"purchasable","14":"product-type-variable"},"acf":[],"jetpack_sharing_enabled":true,"_links":{"self":[{"href":"https:\/\/dmd.eu\/fr\/wp-json\/wp\/v2\/product\/38356","targetHints":{"allow":["GET"]}}],"collection":[{"href":"https:\/\/dmd.eu\/fr\/wp-json\/wp\/v2\/product"}],"about":[{"href":"https:\/\/dmd.eu\/fr\/wp-json\/wp\/v2\/types\/product"}],"replies":[{"embeddable":true,"href":"https:\/\/dmd.eu\/fr\/wp-json\/wp\/v2\/comments?post=38356"}],"wp:featuredmedia":[{"embeddable":true,"href":"https:\/\/dmd.eu\/fr\/wp-json\/wp\/v2\/media\/45554"}],"wp:attachment":[{"href":"https:\/\/dmd.eu\/fr\/wp-json\/wp\/v2\/media?parent=38356"}],"wp:term":[{"taxonomy":"product_brand","embeddable":true,"href":"https:\/\/dmd.eu\/fr\/wp-json\/wp\/v2\/product_brand?post=38356"},{"taxonomy":"product_cat","embeddable":true,"href":"https:\/\/dmd.eu\/fr\/wp-json\/wp\/v2\/product_cat?post=38356"},{"taxonomy":"product_tag","embeddable":true,"href":"https:\/\/dmd.eu\/fr\/wp-json\/wp\/v2\/product_tag?post=38356"},{"taxonomy":"giftcard-category","embeddable":true,"href":"https:\/\/dmd.eu\/fr\/wp-json\/wp\/v2\/giftcard-category?post=38356"}],"curies":[{"name":"wp","href":"https:\/\/api.w.org\/{rel}","templated":true}]}}