{"id":38291,"date":"2025-02-12T11:26:48","date_gmt":"2025-02-12T10:26:48","guid":{"rendered":"https:\/\/dmd.eu\/?post_type=product&#038;p=38291"},"modified":"2026-04-26T19:46:09","modified_gmt":"2026-04-26T17:46:09","slug":"p1-aluminium","status":"publish","type":"product","link":"https:\/\/dmd.eu\/fr\/prodotto\/casques-jet\/casques-p1\/p1-aluminium\/","title":{"rendered":"P1 ALUMINIUM"},"content":{"rendered":"<p>Le <strong>casque demi-jet P1 Aluminium<\/strong> est propos\u00e9 en gris mat. Son design simple et compact s\u2019accorde facilement avec les motos Custom, Vintage, Caf\u00e9 Racer et scooters. Il est l\u00e9ger, pratique et conforme \u00e0 la norme de s\u00e9curit\u00e9 ECE 22.06.<\/p>\n","protected":false},"excerpt":{"rendered":"<p>Le casque demi-jet P1 Aluminium est propos\u00e9 en gris mat. Son design simple et compact s\u2019accorde facilement avec les motos Custom, Vintage, Caf\u00e9 Racer et scooters. Il est l\u00e9ger, pratique et conforme \u00e0 la norme de s\u00e9curit\u00e9 ECE 22.06.<\/p>\n","protected":false},"featured_media":45595,"comment_status":"closed","ping_status":"closed","template":"","meta":{"_acf_changed":false},"product_brand":[],"product_cat":[120,124],"product_tag":[],"giftcard-category":[],"class_list":{"0":"post-38291","1":"product","2":"type-product","3":"status-publish","4":"has-post-thumbnail","6":"product_cat-casques-jet","7":"product_cat-casques-p1","9":"first","10":"instock","11":"taxable","12":"shipping-taxable","13":"purchasable","14":"product-type-variable"},"acf":[],"jetpack_sharing_enabled":true,"_links":{"self":[{"href":"https:\/\/dmd.eu\/fr\/wp-json\/wp\/v2\/product\/38291","targetHints":{"allow":["GET"]}}],"collection":[{"href":"https:\/\/dmd.eu\/fr\/wp-json\/wp\/v2\/product"}],"about":[{"href":"https:\/\/dmd.eu\/fr\/wp-json\/wp\/v2\/types\/product"}],"replies":[{"embeddable":true,"href":"https:\/\/dmd.eu\/fr\/wp-json\/wp\/v2\/comments?post=38291"}],"wp:featuredmedia":[{"embeddable":true,"href":"https:\/\/dmd.eu\/fr\/wp-json\/wp\/v2\/media\/45595"}],"wp:attachment":[{"href":"https:\/\/dmd.eu\/fr\/wp-json\/wp\/v2\/media?parent=38291"}],"wp:term":[{"taxonomy":"product_brand","embeddable":true,"href":"https:\/\/dmd.eu\/fr\/wp-json\/wp\/v2\/product_brand?post=38291"},{"taxonomy":"product_cat","embeddable":true,"href":"https:\/\/dmd.eu\/fr\/wp-json\/wp\/v2\/product_cat?post=38291"},{"taxonomy":"product_tag","embeddable":true,"href":"https:\/\/dmd.eu\/fr\/wp-json\/wp\/v2\/product_tag?post=38291"},{"taxonomy":"giftcard-category","embeddable":true,"href":"https:\/\/dmd.eu\/fr\/wp-json\/wp\/v2\/giftcard-category?post=38291"}],"curies":[{"name":"wp","href":"https:\/\/api.w.org\/{rel}","templated":true}]}}