{"id":38227,"date":"2025-02-12T11:15:35","date_gmt":"2025-02-12T10:15:35","guid":{"rendered":"https:\/\/dmd.eu\/?post_type=product&#038;p=38227"},"modified":"2026-01-12T17:34:46","modified_gmt":"2026-01-12T16:34:46","slug":"p1-white","status":"publish","type":"product","link":"https:\/\/dmd.eu\/fr\/prodotto\/casques-jet\/casques-p1\/p1-white\/","title":{"rendered":"P1 WHITE"},"content":{"rendered":"<p>Le <strong>casque demi-jet P1 White<\/strong> est propos\u00e9 en blanc brillant, id\u00e9al pour ceux qui recherchent un style simple et intemporel. Il convient aux motos l\u00e9g\u00e8res, scooters et motos au style r\u00e9tro. Compact, confortable et conforme \u00e0 la norme europ\u00e9enne ECE 22.06.<\/p>\n","protected":false},"excerpt":{"rendered":"<p>Le casque demi-jet P1 White est propos\u00e9 en blanc brillant, id\u00e9al pour ceux qui recherchent un style simple et intemporel. Il convient aux motos l\u00e9g\u00e8res, scooters et motos au style r\u00e9tro. Compact, confortable et conforme \u00e0 la norme europ\u00e9enne ECE 22.06.<\/p>\n","protected":false},"featured_media":46081,"comment_status":"closed","ping_status":"closed","template":"","meta":{"_acf_changed":false},"product_brand":[],"product_cat":[120,124],"product_tag":[],"giftcard-category":[],"class_list":{"0":"post-38227","1":"product","2":"type-product","3":"status-publish","4":"has-post-thumbnail","6":"product_cat-casques-jet","7":"product_cat-casques-p1","9":"first","10":"instock","11":"taxable","12":"shipping-taxable","13":"purchasable","14":"product-type-variable"},"acf":[],"jetpack_sharing_enabled":true,"_links":{"self":[{"href":"https:\/\/dmd.eu\/fr\/wp-json\/wp\/v2\/product\/38227","targetHints":{"allow":["GET"]}}],"collection":[{"href":"https:\/\/dmd.eu\/fr\/wp-json\/wp\/v2\/product"}],"about":[{"href":"https:\/\/dmd.eu\/fr\/wp-json\/wp\/v2\/types\/product"}],"replies":[{"embeddable":true,"href":"https:\/\/dmd.eu\/fr\/wp-json\/wp\/v2\/comments?post=38227"}],"wp:featuredmedia":[{"embeddable":true,"href":"https:\/\/dmd.eu\/fr\/wp-json\/wp\/v2\/media\/46081"}],"wp:attachment":[{"href":"https:\/\/dmd.eu\/fr\/wp-json\/wp\/v2\/media?parent=38227"}],"wp:term":[{"taxonomy":"product_brand","embeddable":true,"href":"https:\/\/dmd.eu\/fr\/wp-json\/wp\/v2\/product_brand?post=38227"},{"taxonomy":"product_cat","embeddable":true,"href":"https:\/\/dmd.eu\/fr\/wp-json\/wp\/v2\/product_cat?post=38227"},{"taxonomy":"product_tag","embeddable":true,"href":"https:\/\/dmd.eu\/fr\/wp-json\/wp\/v2\/product_tag?post=38227"},{"taxonomy":"giftcard-category","embeddable":true,"href":"https:\/\/dmd.eu\/fr\/wp-json\/wp\/v2\/giftcard-category?post=38227"}],"curies":[{"name":"wp","href":"https:\/\/api.w.org\/{rel}","templated":true}]}}