{"id":38161,"date":"2025-02-12T10:54:11","date_gmt":"2025-02-12T09:54:11","guid":{"rendered":"https:\/\/dmd.eu\/?post_type=product&#038;p=38161"},"modified":"2026-01-12T17:39:37","modified_gmt":"2026-01-12T16:39:37","slug":"p1-black","status":"publish","type":"product","link":"https:\/\/dmd.eu\/fr\/prodotto\/casques-jet\/casques-p1\/p1-black\/","title":{"rendered":"P1 BLACK"},"content":{"rendered":"<p>Le <strong>casque P1 Black<\/strong> est un mod\u00e8le <strong>demi-jet<\/strong> noir brillant. Il poss\u00e8de une coque compacte et une finition uniforme qui le rendent \u00e9l\u00e9gant et facilement adaptable \u00e0 tous les styles. Con\u00e7u pour un usage urbain quotidien, il est homologu\u00e9 selon la norme ECE 22.06.<\/p>\n","protected":false},"excerpt":{"rendered":"<p>Le casque P1 Black est un mod\u00e8le demi-jet noir brillant. Il poss\u00e8de une coque compacte et une finition uniforme qui le rendent \u00e9l\u00e9gant et facilement adaptable \u00e0 tous les styles. Con\u00e7u pour un usage urbain quotidien, il est homologu\u00e9 selon la norme ECE 22.06.<\/p>\n","protected":false},"featured_media":45675,"comment_status":"closed","ping_status":"closed","template":"","meta":{"_acf_changed":false},"product_brand":[],"product_cat":[120,124],"product_tag":[],"giftcard-category":[],"class_list":{"0":"post-38161","1":"product","2":"type-product","3":"status-publish","4":"has-post-thumbnail","6":"product_cat-casques-jet","7":"product_cat-casques-p1","9":"first","10":"instock","11":"taxable","12":"shipping-taxable","13":"purchasable","14":"product-type-variable"},"acf":[],"jetpack_sharing_enabled":true,"_links":{"self":[{"href":"https:\/\/dmd.eu\/fr\/wp-json\/wp\/v2\/product\/38161","targetHints":{"allow":["GET"]}}],"collection":[{"href":"https:\/\/dmd.eu\/fr\/wp-json\/wp\/v2\/product"}],"about":[{"href":"https:\/\/dmd.eu\/fr\/wp-json\/wp\/v2\/types\/product"}],"replies":[{"embeddable":true,"href":"https:\/\/dmd.eu\/fr\/wp-json\/wp\/v2\/comments?post=38161"}],"wp:featuredmedia":[{"embeddable":true,"href":"https:\/\/dmd.eu\/fr\/wp-json\/wp\/v2\/media\/45675"}],"wp:attachment":[{"href":"https:\/\/dmd.eu\/fr\/wp-json\/wp\/v2\/media?parent=38161"}],"wp:term":[{"taxonomy":"product_brand","embeddable":true,"href":"https:\/\/dmd.eu\/fr\/wp-json\/wp\/v2\/product_brand?post=38161"},{"taxonomy":"product_cat","embeddable":true,"href":"https:\/\/dmd.eu\/fr\/wp-json\/wp\/v2\/product_cat?post=38161"},{"taxonomy":"product_tag","embeddable":true,"href":"https:\/\/dmd.eu\/fr\/wp-json\/wp\/v2\/product_tag?post=38161"},{"taxonomy":"giftcard-category","embeddable":true,"href":"https:\/\/dmd.eu\/fr\/wp-json\/wp\/v2\/giftcard-category?post=38161"}],"curies":[{"name":"wp","href":"https:\/\/api.w.org\/{rel}","templated":true}]}}