{"id":37468,"date":"2025-01-30T17:54:30","date_gmt":"2025-01-30T16:54:30","guid":{"rendered":"https:\/\/dmd.eu\/?post_type=product&#038;p=37468"},"modified":"2026-03-11T07:22:47","modified_gmt":"2026-03-11T06:22:47","slug":"arrow-gold-leaf","status":"publish","type":"product","link":"https:\/\/dmd.eu\/fr\/prodotto\/casques-handmade\/arrow-gold-leaf\/","title":{"rendered":"ARROW GOLD LEAF"},"content":{"rendered":"<p>Le <strong>casque int\u00e9graux Handmade Arrow Gold Leaf<\/strong> est enti\u00e8rement peint \u00e0 la main avec une peinture sp\u00e9ciale qui lui conf\u00e8re un effet \u00ab vieilli \u00bb. R\u00e9alis\u00e9 sur une base noire mate, il se distingue par l\u2019application d\u2019une feuille d\u2019or repr\u00e9sentant un \u00e9clair au centre de la calotte. D\u2019un go\u00fbt extr\u00eamement raffin\u00e9 et \u00e9l\u00e9gant, il s\u2019associe parfaitement \u00e0 tout type de moto.<br \/>\nLa peinture pr\u00e9sente une finition mate.<\/p>\n","protected":false},"excerpt":{"rendered":"<p>Le casque int\u00e9graux Handmade Arrow Gold Leaf est enti\u00e8rement peint \u00e0 la main avec une peinture sp\u00e9ciale qui lui conf\u00e8re un effet \u00ab vieilli \u00bb. R\u00e9alis\u00e9 sur une base noire mate, il se distingue par l\u2019application d\u2019une feuille d\u2019or repr\u00e9sentant un \u00e9clair au centre de la calotte. D\u2019un go\u00fbt extr\u00eamement raffin\u00e9 et \u00e9l\u00e9gant, il s\u2019associe [&hellip;]<\/p>\n","protected":false},"featured_media":53713,"comment_status":"closed","ping_status":"closed","template":"","meta":{"_acf_changed":false},"product_brand":[],"product_cat":[106],"product_tag":[],"giftcard-category":[],"class_list":{"0":"post-37468","1":"product","2":"type-product","3":"status-publish","4":"has-post-thumbnail","6":"product_cat-casques-handmade","8":"first","9":"instock","10":"taxable","11":"shipping-taxable","12":"purchasable","13":"product-type-variable"},"acf":[],"jetpack_sharing_enabled":true,"_links":{"self":[{"href":"https:\/\/dmd.eu\/fr\/wp-json\/wp\/v2\/product\/37468","targetHints":{"allow":["GET"]}}],"collection":[{"href":"https:\/\/dmd.eu\/fr\/wp-json\/wp\/v2\/product"}],"about":[{"href":"https:\/\/dmd.eu\/fr\/wp-json\/wp\/v2\/types\/product"}],"replies":[{"embeddable":true,"href":"https:\/\/dmd.eu\/fr\/wp-json\/wp\/v2\/comments?post=37468"}],"wp:featuredmedia":[{"embeddable":true,"href":"https:\/\/dmd.eu\/fr\/wp-json\/wp\/v2\/media\/53713"}],"wp:attachment":[{"href":"https:\/\/dmd.eu\/fr\/wp-json\/wp\/v2\/media?parent=37468"}],"wp:term":[{"taxonomy":"product_brand","embeddable":true,"href":"https:\/\/dmd.eu\/fr\/wp-json\/wp\/v2\/product_brand?post=37468"},{"taxonomy":"product_cat","embeddable":true,"href":"https:\/\/dmd.eu\/fr\/wp-json\/wp\/v2\/product_cat?post=37468"},{"taxonomy":"product_tag","embeddable":true,"href":"https:\/\/dmd.eu\/fr\/wp-json\/wp\/v2\/product_tag?post=37468"},{"taxonomy":"giftcard-category","embeddable":true,"href":"https:\/\/dmd.eu\/fr\/wp-json\/wp\/v2\/giftcard-category?post=37468"}],"curies":[{"name":"wp","href":"https:\/\/api.w.org\/{rel}","templated":true}]}}