{"id":37420,"date":"2025-01-30T17:43:07","date_gmt":"2025-01-30T16:43:07","guid":{"rendered":"https:\/\/dmd.eu\/?post_type=product&#038;p=37420"},"modified":"2026-02-23T11:07:13","modified_gmt":"2026-02-23T10:07:13","slug":"smile-gold-leaf","status":"publish","type":"product","link":"https:\/\/dmd.eu\/fr\/prodotto\/casques-handmade\/smile-gold-leaf\/","title":{"rendered":"SMILE GOLD LEAF"},"content":{"rendered":"<p>Le <strong>casque jet Handmade Smile Gold Leaf<\/strong> est enti\u00e8rement peint \u00e0 la main avec une peinture sp\u00e9ciale qui lui conf\u00e8re un effet \u00ab vieilli \u00bb. R\u00e9alis\u00e9 sur une base noire mate, ce casque se distingue par l\u2019application d\u2019une feuille d\u2019or repr\u00e9sentant un \u00ab smile \u00bb sur le c\u00f4t\u00e9 gauche et une \u00e9toile sur le c\u00f4t\u00e9 droit de la calotte.<br \/>\nAu go\u00fbt extr\u00eamement raffin\u00e9 et \u00e9l\u00e9gant, le <strong>casque jet Handmade Smile Gold Leaf<\/strong> s\u2019associe parfaitement \u00e0 tout type de moto.<br \/>\nLa peinture pr\u00e9sente une finition mate.<\/p>\n","protected":false},"excerpt":{"rendered":"<p>Le casque jet Handmade Smile Gold Leaf est enti\u00e8rement peint \u00e0 la main avec une peinture sp\u00e9ciale qui lui conf\u00e8re un effet \u00ab vieilli \u00bb. R\u00e9alis\u00e9 sur une base noire mate, ce casque se distingue par l\u2019application d\u2019une feuille d\u2019or repr\u00e9sentant un \u00ab smile \u00bb sur le c\u00f4t\u00e9 gauche et une \u00e9toile sur le c\u00f4t\u00e9 [&hellip;]<\/p>\n","protected":false},"featured_media":37443,"comment_status":"closed","ping_status":"closed","template":"","meta":{"_acf_changed":false},"product_brand":[],"product_cat":[106],"product_tag":[],"giftcard-category":[],"class_list":{"0":"post-37420","1":"product","2":"type-product","3":"status-publish","4":"has-post-thumbnail","6":"product_cat-casques-handmade","8":"first","9":"instock","10":"taxable","11":"shipping-taxable","12":"purchasable","13":"product-type-variable"},"acf":[],"jetpack_sharing_enabled":true,"_links":{"self":[{"href":"https:\/\/dmd.eu\/fr\/wp-json\/wp\/v2\/product\/37420","targetHints":{"allow":["GET"]}}],"collection":[{"href":"https:\/\/dmd.eu\/fr\/wp-json\/wp\/v2\/product"}],"about":[{"href":"https:\/\/dmd.eu\/fr\/wp-json\/wp\/v2\/types\/product"}],"replies":[{"embeddable":true,"href":"https:\/\/dmd.eu\/fr\/wp-json\/wp\/v2\/comments?post=37420"}],"wp:featuredmedia":[{"embeddable":true,"href":"https:\/\/dmd.eu\/fr\/wp-json\/wp\/v2\/media\/37443"}],"wp:attachment":[{"href":"https:\/\/dmd.eu\/fr\/wp-json\/wp\/v2\/media?parent=37420"}],"wp:term":[{"taxonomy":"product_brand","embeddable":true,"href":"https:\/\/dmd.eu\/fr\/wp-json\/wp\/v2\/product_brand?post=37420"},{"taxonomy":"product_cat","embeddable":true,"href":"https:\/\/dmd.eu\/fr\/wp-json\/wp\/v2\/product_cat?post=37420"},{"taxonomy":"product_tag","embeddable":true,"href":"https:\/\/dmd.eu\/fr\/wp-json\/wp\/v2\/product_tag?post=37420"},{"taxonomy":"giftcard-category","embeddable":true,"href":"https:\/\/dmd.eu\/fr\/wp-json\/wp\/v2\/giftcard-category?post=37420"}],"curies":[{"name":"wp","href":"https:\/\/api.w.org\/{rel}","templated":true}]}}