{"id":37357,"date":"2025-01-30T17:31:53","date_gmt":"2025-01-30T16:31:53","guid":{"rendered":"https:\/\/dmd.eu\/?post_type=product&#038;p=37357"},"modified":"2026-02-23T11:08:22","modified_gmt":"2026-02-23T10:08:22","slug":"line","status":"publish","type":"product","link":"https:\/\/dmd.eu\/fr\/prodotto\/casques-handmade\/line\/","title":{"rendered":"LINE"},"content":{"rendered":"<p>Le <strong>casque int\u00e9graux Handmade Line<\/strong> se distingue par un design essentiel qui renferme innovation et technologie. Ce mod\u00e8le fait partie de la collection Handmade, car il est enti\u00e8rement peint \u00e0 la main avec une finition sp\u00e9ciale donnant \u00e0 la calotte un effet \u00ab vieilli \u00bb, rendant chaque pi\u00e8ce unique. Un casque int\u00e9gral au style classique con\u00e7u pour rendre hommage aux ann\u00e9es glorieuses du sport automobile, en r\u00e9interpr\u00e9tant son esprit de mani\u00e8re contemporaine. Audacieux et percutant, dans cette version cr\u00e8me il est rehauss\u00e9 de lignes racing d\u00e9grad\u00e9es du vert vers des tons chauds de rouge, orange et jaune.<br \/>\nR\u00e9alis\u00e9 avec une peinture mate.<br \/>\nFabriqu\u00e9 en Italie, avec passion.<\/p>\n","protected":false},"excerpt":{"rendered":"<p>Le casque int\u00e9graux Handmade Line se distingue par un design essentiel qui renferme innovation et technologie. Ce mod\u00e8le fait partie de la collection Handmade, car il est enti\u00e8rement peint \u00e0 la main avec une finition sp\u00e9ciale donnant \u00e0 la calotte un effet \u00ab vieilli \u00bb, rendant chaque pi\u00e8ce unique. Un casque int\u00e9gral au style classique [&hellip;]<\/p>\n","protected":false},"featured_media":37392,"comment_status":"closed","ping_status":"closed","template":"","meta":{"_acf_changed":false},"product_brand":[],"product_cat":[106],"product_tag":[],"giftcard-category":[],"class_list":{"0":"post-37357","1":"product","2":"type-product","3":"status-publish","4":"has-post-thumbnail","6":"product_cat-casques-handmade","8":"first","9":"instock","10":"taxable","11":"shipping-taxable","12":"purchasable","13":"product-type-variable"},"acf":[],"jetpack_sharing_enabled":true,"_links":{"self":[{"href":"https:\/\/dmd.eu\/fr\/wp-json\/wp\/v2\/product\/37357","targetHints":{"allow":["GET"]}}],"collection":[{"href":"https:\/\/dmd.eu\/fr\/wp-json\/wp\/v2\/product"}],"about":[{"href":"https:\/\/dmd.eu\/fr\/wp-json\/wp\/v2\/types\/product"}],"replies":[{"embeddable":true,"href":"https:\/\/dmd.eu\/fr\/wp-json\/wp\/v2\/comments?post=37357"}],"wp:featuredmedia":[{"embeddable":true,"href":"https:\/\/dmd.eu\/fr\/wp-json\/wp\/v2\/media\/37392"}],"wp:attachment":[{"href":"https:\/\/dmd.eu\/fr\/wp-json\/wp\/v2\/media?parent=37357"}],"wp:term":[{"taxonomy":"product_brand","embeddable":true,"href":"https:\/\/dmd.eu\/fr\/wp-json\/wp\/v2\/product_brand?post=37357"},{"taxonomy":"product_cat","embeddable":true,"href":"https:\/\/dmd.eu\/fr\/wp-json\/wp\/v2\/product_cat?post=37357"},{"taxonomy":"product_tag","embeddable":true,"href":"https:\/\/dmd.eu\/fr\/wp-json\/wp\/v2\/product_tag?post=37357"},{"taxonomy":"giftcard-category","embeddable":true,"href":"https:\/\/dmd.eu\/fr\/wp-json\/wp\/v2\/giftcard-category?post=37357"}],"curies":[{"name":"wp","href":"https:\/\/api.w.org\/{rel}","templated":true}]}}