{"id":37160,"date":"2025-01-28T11:13:55","date_gmt":"2025-01-28T10:13:55","guid":{"rendered":"https:\/\/dmd.eu\/?post_type=product&#038;p=37160"},"modified":"2025-12-02T00:13:29","modified_gmt":"2025-12-01T23:13:29","slug":"seventyseven-goggle","status":"publish","type":"product","link":"https:\/\/dmd.eu\/fr\/prodotto\/casques-integraux\/accessoires-integraux\/seventyseven-goggle\/","title":{"rendered":"SEVENTYSEVEN GOGGLE"},"content":{"rendered":"<p>L&rsquo;<strong>accessoire Seventyseven Goggle<\/strong> est con\u00e7u pour les casques moto int\u00e9graux DMD, plus particuli\u00e8rement pour la ligne Seventyseven. Il s&rsquo;agit d&rsquo;une visi\u00e8re au style attrayant, parfaite pour prot\u00e9ger les yeux pendant la conduite. La Seventyseven Goggle pour casques de moto Int\u00e9graux est disponible en deux types de lentilles: claires ou fonc\u00e9es.<\/p>\n","protected":false},"excerpt":{"rendered":"<p>L&rsquo;accessoire Seventyseven Goggle est con\u00e7u pour les casques moto int\u00e9graux DMD, plus particuli\u00e8rement pour la ligne Seventyseven. Il s&rsquo;agit d&rsquo;une visi\u00e8re au style attrayant, parfaite pour prot\u00e9ger les yeux pendant la conduite. La Seventyseven Goggle pour casques de moto Int\u00e9graux est disponible en deux types de lentilles: claires ou fonc\u00e9es.<\/p>\n","protected":false},"featured_media":37191,"comment_status":"closed","ping_status":"closed","template":"","meta":{"_acf_changed":false},"product_brand":[],"product_cat":[362,129],"product_tag":[],"giftcard-category":[],"class_list":{"0":"post-37160","1":"product","2":"type-product","3":"status-publish","4":"has-post-thumbnail","6":"product_cat-accessoires-integraux","7":"product_cat-casques-integraux","9":"first","10":"instock","11":"taxable","12":"shipping-taxable","13":"purchasable","14":"product-type-variable"},"acf":[],"jetpack_sharing_enabled":true,"_links":{"self":[{"href":"https:\/\/dmd.eu\/fr\/wp-json\/wp\/v2\/product\/37160","targetHints":{"allow":["GET"]}}],"collection":[{"href":"https:\/\/dmd.eu\/fr\/wp-json\/wp\/v2\/product"}],"about":[{"href":"https:\/\/dmd.eu\/fr\/wp-json\/wp\/v2\/types\/product"}],"replies":[{"embeddable":true,"href":"https:\/\/dmd.eu\/fr\/wp-json\/wp\/v2\/comments?post=37160"}],"wp:featuredmedia":[{"embeddable":true,"href":"https:\/\/dmd.eu\/fr\/wp-json\/wp\/v2\/media\/37191"}],"wp:attachment":[{"href":"https:\/\/dmd.eu\/fr\/wp-json\/wp\/v2\/media?parent=37160"}],"wp:term":[{"taxonomy":"product_brand","embeddable":true,"href":"https:\/\/dmd.eu\/fr\/wp-json\/wp\/v2\/product_brand?post=37160"},{"taxonomy":"product_cat","embeddable":true,"href":"https:\/\/dmd.eu\/fr\/wp-json\/wp\/v2\/product_cat?post=37160"},{"taxonomy":"product_tag","embeddable":true,"href":"https:\/\/dmd.eu\/fr\/wp-json\/wp\/v2\/product_tag?post=37160"},{"taxonomy":"giftcard-category","embeddable":true,"href":"https:\/\/dmd.eu\/fr\/wp-json\/wp\/v2\/giftcard-category?post=37160"}],"curies":[{"name":"wp","href":"https:\/\/api.w.org\/{rel}","templated":true}]}}