{"id":36909,"date":"2025-01-25T12:19:35","date_gmt":"2025-01-25T11:19:35","guid":{"rendered":"https:\/\/dmd.eu\/?post_type=product&#038;p=36909"},"modified":"2026-04-13T15:04:22","modified_gmt":"2026-04-13T13:04:22","slug":"tigre","status":"publish","type":"product","link":"https:\/\/dmd.eu\/fr\/prodotto\/casques-jet\/casques-retro\/tigre\/","title":{"rendered":"TIGRE"},"content":{"rendered":"<p>Le casque <strong>jet Retro Tigre <\/strong>fait partie de la collection de casques DMD jet.<br \/>\nR\u00e9alis\u00e9 sur une base de cr\u00e8me, ce mod\u00e8le est enrichi d\u2019un graphisme exclusif. Laissez-vous s\u00e9duire par la particularit\u00e9 de ce design.<\/p>\n","protected":false},"excerpt":{"rendered":"<p>Le casque jet Retro Tigre fait partie de la collection de casques DMD jet. R\u00e9alis\u00e9 sur une base de cr\u00e8me, ce mod\u00e8le est enrichi d\u2019un graphisme exclusif. Laissez-vous s\u00e9duire par la particularit\u00e9 de ce design.<\/p>\n","protected":false},"featured_media":36425,"comment_status":"closed","ping_status":"closed","template":"","meta":{"_acf_changed":false},"product_brand":[],"product_cat":[120,456],"product_tag":[],"giftcard-category":[],"class_list":{"0":"post-36909","1":"product","2":"type-product","3":"status-publish","4":"has-post-thumbnail","6":"product_cat-casques-jet","7":"product_cat-casques-retro","9":"first","10":"instock","11":"taxable","12":"shipping-taxable","13":"purchasable","14":"product-type-variable"},"acf":[],"jetpack_sharing_enabled":true,"_links":{"self":[{"href":"https:\/\/dmd.eu\/fr\/wp-json\/wp\/v2\/product\/36909","targetHints":{"allow":["GET"]}}],"collection":[{"href":"https:\/\/dmd.eu\/fr\/wp-json\/wp\/v2\/product"}],"about":[{"href":"https:\/\/dmd.eu\/fr\/wp-json\/wp\/v2\/types\/product"}],"replies":[{"embeddable":true,"href":"https:\/\/dmd.eu\/fr\/wp-json\/wp\/v2\/comments?post=36909"}],"wp:featuredmedia":[{"embeddable":true,"href":"https:\/\/dmd.eu\/fr\/wp-json\/wp\/v2\/media\/36425"}],"wp:attachment":[{"href":"https:\/\/dmd.eu\/fr\/wp-json\/wp\/v2\/media?parent=36909"}],"wp:term":[{"taxonomy":"product_brand","embeddable":true,"href":"https:\/\/dmd.eu\/fr\/wp-json\/wp\/v2\/product_brand?post=36909"},{"taxonomy":"product_cat","embeddable":true,"href":"https:\/\/dmd.eu\/fr\/wp-json\/wp\/v2\/product_cat?post=36909"},{"taxonomy":"product_tag","embeddable":true,"href":"https:\/\/dmd.eu\/fr\/wp-json\/wp\/v2\/product_tag?post=36909"},{"taxonomy":"giftcard-category","embeddable":true,"href":"https:\/\/dmd.eu\/fr\/wp-json\/wp\/v2\/giftcard-category?post=36909"}],"curies":[{"name":"wp","href":"https:\/\/api.w.org\/{rel}","templated":true}]}}