{"id":36749,"date":"2025-01-25T12:08:43","date_gmt":"2025-01-25T11:08:43","guid":{"rendered":"https:\/\/dmd.eu\/?post_type=product&#038;p=36749"},"modified":"2025-12-02T00:13:30","modified_gmt":"2025-12-01T23:13:30","slug":"skull","status":"publish","type":"product","link":"https:\/\/dmd.eu\/fr\/prodotto\/casques-jet\/casques-retro\/skull\/","title":{"rendered":"SKULL"},"content":{"rendered":"<p>Le\u00a0<strong>casque jet Retro Skull<\/strong> a une base gris mate orn\u00e9e par des graphismes avec un caract\u00e8re fort. Il convient \u00e0 tous les types de motos, en particulier les Harley Davidson, et est d\u00e9di\u00e9 aux motards \u00e0 l\u2019\u00e2me rock.<\/p>\n","protected":false},"excerpt":{"rendered":"<p>Le\u00a0casque jet Retro Skull a une base gris mate orn\u00e9e par des graphismes avec un caract\u00e8re fort. Il convient \u00e0 tous les types de motos, en particulier les Harley Davidson, et est d\u00e9di\u00e9 aux motards \u00e0 l\u2019\u00e2me rock.<\/p>\n","protected":false},"featured_media":36450,"comment_status":"closed","ping_status":"closed","template":"","meta":{"_acf_changed":false},"product_brand":[],"product_cat":[120,456],"product_tag":[],"giftcard-category":[],"class_list":{"0":"post-36749","1":"product","2":"type-product","3":"status-publish","4":"has-post-thumbnail","6":"product_cat-casques-jet","7":"product_cat-casques-retro","9":"first","10":"instock","11":"taxable","12":"shipping-taxable","13":"purchasable","14":"product-type-variable"},"acf":[],"jetpack_sharing_enabled":true,"_links":{"self":[{"href":"https:\/\/dmd.eu\/fr\/wp-json\/wp\/v2\/product\/36749","targetHints":{"allow":["GET"]}}],"collection":[{"href":"https:\/\/dmd.eu\/fr\/wp-json\/wp\/v2\/product"}],"about":[{"href":"https:\/\/dmd.eu\/fr\/wp-json\/wp\/v2\/types\/product"}],"replies":[{"embeddable":true,"href":"https:\/\/dmd.eu\/fr\/wp-json\/wp\/v2\/comments?post=36749"}],"wp:featuredmedia":[{"embeddable":true,"href":"https:\/\/dmd.eu\/fr\/wp-json\/wp\/v2\/media\/36450"}],"wp:attachment":[{"href":"https:\/\/dmd.eu\/fr\/wp-json\/wp\/v2\/media?parent=36749"}],"wp:term":[{"taxonomy":"product_brand","embeddable":true,"href":"https:\/\/dmd.eu\/fr\/wp-json\/wp\/v2\/product_brand?post=36749"},{"taxonomy":"product_cat","embeddable":true,"href":"https:\/\/dmd.eu\/fr\/wp-json\/wp\/v2\/product_cat?post=36749"},{"taxonomy":"product_tag","embeddable":true,"href":"https:\/\/dmd.eu\/fr\/wp-json\/wp\/v2\/product_tag?post=36749"},{"taxonomy":"giftcard-category","embeddable":true,"href":"https:\/\/dmd.eu\/fr\/wp-json\/wp\/v2\/giftcard-category?post=36749"}],"curies":[{"name":"wp","href":"https:\/\/api.w.org\/{rel}","templated":true}]}}