{"id":36678,"date":"2025-01-25T11:57:12","date_gmt":"2025-01-25T10:57:12","guid":{"rendered":"https:\/\/dmd.eu\/?post_type=product&#038;p=36678"},"modified":"2025-12-02T00:13:30","modified_gmt":"2025-12-01T23:13:30","slug":"ocra","status":"publish","type":"product","link":"https:\/\/dmd.eu\/fr\/prodotto\/casques-jet\/casques-retro\/ocra\/","title":{"rendered":"OCRA"},"content":{"rendered":"<p>Le <strong>casque jet Retro Ocra<\/strong> fait partie de la collection de casques DMD Retro. La coque est r\u00e9alis\u00e9e dans une couleur ocre unie qui lui donne un aspect raffin\u00e9 et \u00e9l\u00e9gant. Petit et compact, le casque jet Retro Ocra enrichira votre look de motard, quelle que soit votre moto: Custom, Vintage, Caf\u00e9 Racer ou scooter.<\/p>\n<p>Fabriqu\u00e9 avec peinture mate.<\/p>\n","protected":false},"excerpt":{"rendered":"<p>Le casque jet Retro Ocra fait partie de la collection de casques DMD Retro. La coque est r\u00e9alis\u00e9e dans une couleur ocre unie qui lui donne un aspect raffin\u00e9 et \u00e9l\u00e9gant. Petit et compact, le casque jet Retro Ocra enrichira votre look de motard, quelle que soit votre moto: Custom, Vintage, Caf\u00e9 Racer ou scooter. [&hellip;]<\/p>\n","protected":false},"featured_media":36460,"comment_status":"closed","ping_status":"closed","template":"","meta":{"_acf_changed":false},"product_brand":[],"product_cat":[120,456],"product_tag":[],"giftcard-category":[],"class_list":{"0":"post-36678","1":"product","2":"type-product","3":"status-publish","4":"has-post-thumbnail","6":"product_cat-casques-jet","7":"product_cat-casques-retro","9":"first","10":"instock","11":"taxable","12":"shipping-taxable","13":"purchasable","14":"product-type-variable"},"acf":[],"jetpack_sharing_enabled":true,"_links":{"self":[{"href":"https:\/\/dmd.eu\/fr\/wp-json\/wp\/v2\/product\/36678","targetHints":{"allow":["GET"]}}],"collection":[{"href":"https:\/\/dmd.eu\/fr\/wp-json\/wp\/v2\/product"}],"about":[{"href":"https:\/\/dmd.eu\/fr\/wp-json\/wp\/v2\/types\/product"}],"replies":[{"embeddable":true,"href":"https:\/\/dmd.eu\/fr\/wp-json\/wp\/v2\/comments?post=36678"}],"wp:featuredmedia":[{"embeddable":true,"href":"https:\/\/dmd.eu\/fr\/wp-json\/wp\/v2\/media\/36460"}],"wp:attachment":[{"href":"https:\/\/dmd.eu\/fr\/wp-json\/wp\/v2\/media?parent=36678"}],"wp:term":[{"taxonomy":"product_brand","embeddable":true,"href":"https:\/\/dmd.eu\/fr\/wp-json\/wp\/v2\/product_brand?post=36678"},{"taxonomy":"product_cat","embeddable":true,"href":"https:\/\/dmd.eu\/fr\/wp-json\/wp\/v2\/product_cat?post=36678"},{"taxonomy":"product_tag","embeddable":true,"href":"https:\/\/dmd.eu\/fr\/wp-json\/wp\/v2\/product_tag?post=36678"},{"taxonomy":"giftcard-category","embeddable":true,"href":"https:\/\/dmd.eu\/fr\/wp-json\/wp\/v2\/giftcard-category?post=36678"}],"curies":[{"name":"wp","href":"https:\/\/api.w.org\/{rel}","templated":true}]}}