{"id":36561,"date":"2025-01-25T11:27:17","date_gmt":"2025-01-25T10:27:17","guid":{"rendered":"https:\/\/dmd.eu\/?post_type=product&#038;p=36561"},"modified":"2025-12-02T00:13:31","modified_gmt":"2025-12-01T23:13:31","slug":"purple-matt","status":"publish","type":"product","link":"https:\/\/dmd.eu\/fr\/prodotto\/casques-jet\/casques-retro\/purple-matt\/","title":{"rendered":"PURPLE MATT"},"content":{"rendered":"<p>Le casque <strong>Jet Retro Purple Matt<\/strong> fait partie de la collection de casques jet ouverts. Cette teinte de couleur lui conf\u00e8re un caract\u00e8re \u00e9l\u00e9gant et intemporel, le rendant adapt\u00e9 \u00e0 tout style de moto et de motard.<\/p>\n<p>Parfait pour rouler sur une moto Custom, Vintage, Caf\u00e9 Racer ou un scooter, le casque jet Retro Purple Matt compl\u00e9tera votre tenue de conduite.<\/p>\n<p>Fabriqu\u00e9 avec une peinture mate.<\/p>\n","protected":false},"excerpt":{"rendered":"<p>Le casque Jet Retro Purple Matt fait partie de la collection de casques jet ouverts. Cette teinte de couleur lui conf\u00e8re un caract\u00e8re \u00e9l\u00e9gant et intemporel, le rendant adapt\u00e9 \u00e0 tout style de moto et de motard. Parfait pour rouler sur une moto Custom, Vintage, Caf\u00e9 Racer ou un scooter, le casque jet Retro Purple [&hellip;]<\/p>\n","protected":false},"featured_media":36390,"comment_status":"closed","ping_status":"closed","template":"","meta":{"_acf_changed":false},"product_brand":[],"product_cat":[120,456],"product_tag":[],"giftcard-category":[],"class_list":{"0":"post-36561","1":"product","2":"type-product","3":"status-publish","4":"has-post-thumbnail","6":"product_cat-casques-jet","7":"product_cat-casques-retro","9":"first","10":"instock","11":"taxable","12":"shipping-taxable","13":"purchasable","14":"product-type-variable"},"acf":[],"jetpack_sharing_enabled":true,"_links":{"self":[{"href":"https:\/\/dmd.eu\/fr\/wp-json\/wp\/v2\/product\/36561","targetHints":{"allow":["GET"]}}],"collection":[{"href":"https:\/\/dmd.eu\/fr\/wp-json\/wp\/v2\/product"}],"about":[{"href":"https:\/\/dmd.eu\/fr\/wp-json\/wp\/v2\/types\/product"}],"replies":[{"embeddable":true,"href":"https:\/\/dmd.eu\/fr\/wp-json\/wp\/v2\/comments?post=36561"}],"wp:featuredmedia":[{"embeddable":true,"href":"https:\/\/dmd.eu\/fr\/wp-json\/wp\/v2\/media\/36390"}],"wp:attachment":[{"href":"https:\/\/dmd.eu\/fr\/wp-json\/wp\/v2\/media?parent=36561"}],"wp:term":[{"taxonomy":"product_brand","embeddable":true,"href":"https:\/\/dmd.eu\/fr\/wp-json\/wp\/v2\/product_brand?post=36561"},{"taxonomy":"product_cat","embeddable":true,"href":"https:\/\/dmd.eu\/fr\/wp-json\/wp\/v2\/product_cat?post=36561"},{"taxonomy":"product_tag","embeddable":true,"href":"https:\/\/dmd.eu\/fr\/wp-json\/wp\/v2\/product_tag?post=36561"},{"taxonomy":"giftcard-category","embeddable":true,"href":"https:\/\/dmd.eu\/fr\/wp-json\/wp\/v2\/giftcard-category?post=36561"}],"curies":[{"name":"wp","href":"https:\/\/api.w.org\/{rel}","templated":true}]}}