{"id":36205,"date":"2025-01-16T14:36:13","date_gmt":"2025-01-16T13:36:13","guid":{"rendered":"https:\/\/dmd.eu\/?post_type=product&#038;p=36205"},"modified":"2025-12-02T00:13:31","modified_gmt":"2025-12-01T23:13:31","slug":"purple","status":"publish","type":"product","link":"https:\/\/dmd.eu\/fr\/prodotto\/casques-jet\/casques-retro\/purple\/","title":{"rendered":"PURPLE SOLID"},"content":{"rendered":"<p>Le <strong>casque jet Retro Purple<\/strong> fait partie de la collection de casques DMD Vintage. La coque est r\u00e9alis\u00e9e dans une couleur violet unie qui lui donne un aspect raffin\u00e9 et \u00e9l\u00e9gant. Petit et compact, le casque jet Vintage Gold enrichira votre look de motard, quelle que soit votre moto: Custom, Vintage, Caf\u00e9 Racer ou scooter.<\/p>\n<p>R\u00e9alis\u00e9 ocn vernis brillant.<\/p>\n","protected":false},"excerpt":{"rendered":"<p>Le casque jet Retro Purple fait partie de la collection de casques DMD Vintage. La coque est r\u00e9alis\u00e9e dans une couleur violet unie qui lui donne un aspect raffin\u00e9 et \u00e9l\u00e9gant. Petit et compact, le casque jet Vintage Gold enrichira votre look de motard, quelle que soit votre moto: Custom, Vintage, Caf\u00e9 Racer ou scooter. [&hellip;]<\/p>\n","protected":false},"featured_media":36228,"comment_status":"closed","ping_status":"closed","template":"","meta":{"_acf_changed":false},"product_brand":[],"product_cat":[120,456],"product_tag":[],"giftcard-category":[],"class_list":{"0":"post-36205","1":"product","2":"type-product","3":"status-publish","4":"has-post-thumbnail","6":"product_cat-casques-jet","7":"product_cat-casques-retro","9":"first","10":"instock","11":"taxable","12":"shipping-taxable","13":"purchasable","14":"product-type-variable"},"acf":[],"jetpack_sharing_enabled":true,"_links":{"self":[{"href":"https:\/\/dmd.eu\/fr\/wp-json\/wp\/v2\/product\/36205","targetHints":{"allow":["GET"]}}],"collection":[{"href":"https:\/\/dmd.eu\/fr\/wp-json\/wp\/v2\/product"}],"about":[{"href":"https:\/\/dmd.eu\/fr\/wp-json\/wp\/v2\/types\/product"}],"replies":[{"embeddable":true,"href":"https:\/\/dmd.eu\/fr\/wp-json\/wp\/v2\/comments?post=36205"}],"wp:featuredmedia":[{"embeddable":true,"href":"https:\/\/dmd.eu\/fr\/wp-json\/wp\/v2\/media\/36228"}],"wp:attachment":[{"href":"https:\/\/dmd.eu\/fr\/wp-json\/wp\/v2\/media?parent=36205"}],"wp:term":[{"taxonomy":"product_brand","embeddable":true,"href":"https:\/\/dmd.eu\/fr\/wp-json\/wp\/v2\/product_brand?post=36205"},{"taxonomy":"product_cat","embeddable":true,"href":"https:\/\/dmd.eu\/fr\/wp-json\/wp\/v2\/product_cat?post=36205"},{"taxonomy":"product_tag","embeddable":true,"href":"https:\/\/dmd.eu\/fr\/wp-json\/wp\/v2\/product_tag?post=36205"},{"taxonomy":"giftcard-category","embeddable":true,"href":"https:\/\/dmd.eu\/fr\/wp-json\/wp\/v2\/giftcard-category?post=36205"}],"curies":[{"name":"wp","href":"https:\/\/api.w.org\/{rel}","templated":true}]}}