{"id":36068,"date":"2025-01-16T11:25:32","date_gmt":"2025-01-16T10:25:32","guid":{"rendered":"https:\/\/dmd.eu\/?post_type=product&#038;p=36068"},"modified":"2025-12-02T00:13:32","modified_gmt":"2025-12-01T23:13:32","slug":"rivale-buzz","status":"publish","type":"product","link":"https:\/\/dmd.eu\/fr\/prodotto\/casques-integraux\/casques-rivale-06\/rivale-buzz\/","title":{"rendered":"RIVALE BUZZ"},"content":{"rendered":"<p>Le <strong>casque int\u00e9graux Rivale Buzz<\/strong> arbore un design \u00e9pur\u00e9 qui cache une concentration d&rsquo;innovation et de technologie.<br \/>\nGr\u00e2ce \u00e0 une nouvelle fibre tri-composite, nous avons con\u00e7u un produit ultra compact, tout en respectant toutes les normes de s\u00e9curit\u00e9 modernes et en offrant un ajustement confortable.<br \/>\nUn casque int\u00e9gral au style classique, hommage aux ann\u00e9es rugissantes du sport automobile.<br \/>\nRemarquable dans cette version orn\u00e9e d\u2019\u00e9clairs alternant entre les tons cr\u00e8me et noir.<\/p>\n<p>Finition en peinture brillante.<br \/>\nFabriqu\u00e9 en Italie avec passion.<\/p>\n","protected":false},"excerpt":{"rendered":"<p>Le casque int\u00e9graux Rivale Buzz arbore un design \u00e9pur\u00e9 qui cache une concentration d&rsquo;innovation et de technologie. Gr\u00e2ce \u00e0 une nouvelle fibre tri-composite, nous avons con\u00e7u un produit ultra compact, tout en respectant toutes les normes de s\u00e9curit\u00e9 modernes et en offrant un ajustement confortable. Un casque int\u00e9gral au style classique, hommage aux ann\u00e9es rugissantes [&hellip;]<\/p>\n","protected":false},"featured_media":40531,"comment_status":"closed","ping_status":"closed","template":"","meta":{"_acf_changed":false},"product_brand":[],"product_cat":[129,1288],"product_tag":[],"giftcard-category":[],"class_list":{"0":"post-36068","1":"product","2":"type-product","3":"status-publish","4":"has-post-thumbnail","6":"product_cat-casques-integraux","7":"product_cat-casques-rivale-06","9":"first","10":"instock","11":"taxable","12":"shipping-taxable","13":"purchasable","14":"product-type-variable"},"acf":[],"jetpack_sharing_enabled":true,"_links":{"self":[{"href":"https:\/\/dmd.eu\/fr\/wp-json\/wp\/v2\/product\/36068","targetHints":{"allow":["GET"]}}],"collection":[{"href":"https:\/\/dmd.eu\/fr\/wp-json\/wp\/v2\/product"}],"about":[{"href":"https:\/\/dmd.eu\/fr\/wp-json\/wp\/v2\/types\/product"}],"replies":[{"embeddable":true,"href":"https:\/\/dmd.eu\/fr\/wp-json\/wp\/v2\/comments?post=36068"}],"wp:featuredmedia":[{"embeddable":true,"href":"https:\/\/dmd.eu\/fr\/wp-json\/wp\/v2\/media\/40531"}],"wp:attachment":[{"href":"https:\/\/dmd.eu\/fr\/wp-json\/wp\/v2\/media?parent=36068"}],"wp:term":[{"taxonomy":"product_brand","embeddable":true,"href":"https:\/\/dmd.eu\/fr\/wp-json\/wp\/v2\/product_brand?post=36068"},{"taxonomy":"product_cat","embeddable":true,"href":"https:\/\/dmd.eu\/fr\/wp-json\/wp\/v2\/product_cat?post=36068"},{"taxonomy":"product_tag","embeddable":true,"href":"https:\/\/dmd.eu\/fr\/wp-json\/wp\/v2\/product_tag?post=36068"},{"taxonomy":"giftcard-category","embeddable":true,"href":"https:\/\/dmd.eu\/fr\/wp-json\/wp\/v2\/giftcard-category?post=36068"}],"curies":[{"name":"wp","href":"https:\/\/api.w.org\/{rel}","templated":true}]}}