{"id":35977,"date":"2025-01-13T15:01:18","date_gmt":"2025-01-13T14:01:18","guid":{"rendered":"https:\/\/dmd.eu\/?post_type=product&#038;p=35977"},"modified":"2025-12-02T00:13:32","modified_gmt":"2025-12-01T23:13:32","slug":"inner-lining-retro","status":"publish","type":"product","link":"https:\/\/dmd.eu\/fr\/prodotto\/casques-jet\/accessoires\/inner-lining-retro\/","title":{"rendered":"INNER LINING RETRO"},"content":{"rendered":"<p>L&rsquo;<strong>accessoire Inner Lining Retro<\/strong> est une doublure int\u00e9rieure enti\u00e8rement amovible et lavable pour la gamme de casques de moto DMD jet Retro. Le rembourrage au niveau de la t\u00eate et les coussinets de joue sont amovibles afin de pouvoir les ajuster. L\u2019Inner Lining Retro vous permet de modifier la taille de votre casque Retro, mais seulement si la taille de la calotte reste la m\u00eame. Il est disponible de la taille XS \u00e0 XXL.<\/p>\n","protected":false},"excerpt":{"rendered":"<p>L&rsquo;accessoire Inner Lining Retro est une doublure int\u00e9rieure enti\u00e8rement amovible et lavable pour la gamme de casques de moto DMD jet Retro. Le rembourrage au niveau de la t\u00eate et les coussinets de joue sont amovibles afin de pouvoir les ajuster. L\u2019Inner Lining Retro vous permet de modifier la taille de votre casque Retro, mais [&hellip;]<\/p>\n","protected":false},"featured_media":35997,"comment_status":"closed","ping_status":"closed","template":"","meta":{"_acf_changed":false},"product_brand":[],"product_cat":[182,120],"product_tag":[],"giftcard-category":[],"class_list":{"0":"post-35977","1":"product","2":"type-product","3":"status-publish","4":"has-post-thumbnail","6":"product_cat-accessoires","7":"product_cat-casques-jet","9":"first","10":"instock","11":"taxable","12":"shipping-taxable","13":"purchasable","14":"product-type-variable"},"acf":[],"jetpack_sharing_enabled":true,"_links":{"self":[{"href":"https:\/\/dmd.eu\/fr\/wp-json\/wp\/v2\/product\/35977","targetHints":{"allow":["GET"]}}],"collection":[{"href":"https:\/\/dmd.eu\/fr\/wp-json\/wp\/v2\/product"}],"about":[{"href":"https:\/\/dmd.eu\/fr\/wp-json\/wp\/v2\/types\/product"}],"replies":[{"embeddable":true,"href":"https:\/\/dmd.eu\/fr\/wp-json\/wp\/v2\/comments?post=35977"}],"wp:featuredmedia":[{"embeddable":true,"href":"https:\/\/dmd.eu\/fr\/wp-json\/wp\/v2\/media\/35997"}],"wp:attachment":[{"href":"https:\/\/dmd.eu\/fr\/wp-json\/wp\/v2\/media?parent=35977"}],"wp:term":[{"taxonomy":"product_brand","embeddable":true,"href":"https:\/\/dmd.eu\/fr\/wp-json\/wp\/v2\/product_brand?post=35977"},{"taxonomy":"product_cat","embeddable":true,"href":"https:\/\/dmd.eu\/fr\/wp-json\/wp\/v2\/product_cat?post=35977"},{"taxonomy":"product_tag","embeddable":true,"href":"https:\/\/dmd.eu\/fr\/wp-json\/wp\/v2\/product_tag?post=35977"},{"taxonomy":"giftcard-category","embeddable":true,"href":"https:\/\/dmd.eu\/fr\/wp-json\/wp\/v2\/giftcard-category?post=35977"}],"curies":[{"name":"wp","href":"https:\/\/api.w.org\/{rel}","templated":true}]}}