{"id":3346,"date":"2023-08-17T23:32:56","date_gmt":"2023-08-17T21:32:56","guid":{"rendered":"https:\/\/www.dmd.eu\/product\/non%20class\u00e9\/racer-flash\/"},"modified":"2025-12-03T01:58:01","modified_gmt":"2025-12-03T00:58:01","slug":"racer-flash","status":"publish","type":"product","link":"https:\/\/dmd.eu\/fr\/prodotto\/ventes\/casques-sale\/racer-flash\/","title":{"rendered":"RACER FLASH"},"content":{"rendered":"<p>Le <strong>casque int\u00e9graux Racer Flash<\/strong> offre un maximum de protection, de s\u00e9curit\u00e9 et de confort pour ceux qui aiment la vitesse. La couleur blanche brillante enrichie par l&rsquo;\u00e9clair noir conf\u00e8re au casque int\u00e9graux Racer Flash un style minimaliste et \u00e9l\u00e9gant, id\u00e9al pour les motos Custom, Vintage, Caf\u00e9 Racer ou Harley Davidson.<\/p>\n<p>*Mod\u00e8le homologu\u00e9 ECE 22.05, conforme \u00e0 la r\u00e9glementation routi\u00e8re, vous permettant de continuer \u00e0 l&rsquo;utiliser en toute s\u00e9curit\u00e9 et sans pr\u00e9occupations.<\/p>\n","protected":false},"excerpt":{"rendered":"<p>Le casque int\u00e9graux Racer Flash offre un maximum de protection, de s\u00e9curit\u00e9 et de confort pour ceux qui aiment la vitesse. La couleur blanche brillante enrichie par l&rsquo;\u00e9clair noir conf\u00e8re au casque int\u00e9graux Racer Flash un style minimaliste et \u00e9l\u00e9gant, id\u00e9al pour les motos Custom, Vintage, Caf\u00e9 Racer ou Harley Davidson. *Mod\u00e8le homologu\u00e9 ECE 22.05, [&hellip;]<\/p>\n","protected":false},"featured_media":3102,"comment_status":"closed","ping_status":"closed","template":"","meta":{"_acf_changed":false},"product_brand":[],"product_cat":[421,408],"product_tag":[],"giftcard-category":[],"class_list":{"0":"post-3346","1":"product","2":"type-product","3":"status-publish","4":"has-post-thumbnail","6":"product_cat-casques-sale","7":"product_cat-ventes","9":"first","10":"outofstock","11":"sale","12":"taxable","13":"shipping-taxable","14":"purchasable","15":"product-type-variable"},"acf":[],"jetpack_sharing_enabled":true,"_links":{"self":[{"href":"https:\/\/dmd.eu\/fr\/wp-json\/wp\/v2\/product\/3346","targetHints":{"allow":["GET"]}}],"collection":[{"href":"https:\/\/dmd.eu\/fr\/wp-json\/wp\/v2\/product"}],"about":[{"href":"https:\/\/dmd.eu\/fr\/wp-json\/wp\/v2\/types\/product"}],"replies":[{"embeddable":true,"href":"https:\/\/dmd.eu\/fr\/wp-json\/wp\/v2\/comments?post=3346"}],"wp:featuredmedia":[{"embeddable":true,"href":"https:\/\/dmd.eu\/fr\/wp-json\/wp\/v2\/media\/3102"}],"wp:attachment":[{"href":"https:\/\/dmd.eu\/fr\/wp-json\/wp\/v2\/media?parent=3346"}],"wp:term":[{"taxonomy":"product_brand","embeddable":true,"href":"https:\/\/dmd.eu\/fr\/wp-json\/wp\/v2\/product_brand?post=3346"},{"taxonomy":"product_cat","embeddable":true,"href":"https:\/\/dmd.eu\/fr\/wp-json\/wp\/v2\/product_cat?post=3346"},{"taxonomy":"product_tag","embeddable":true,"href":"https:\/\/dmd.eu\/fr\/wp-json\/wp\/v2\/product_tag?post=3346"},{"taxonomy":"giftcard-category","embeddable":true,"href":"https:\/\/dmd.eu\/fr\/wp-json\/wp\/v2\/giftcard-category?post=3346"}],"curies":[{"name":"wp","href":"https:\/\/api.w.org\/{rel}","templated":true}]}}