{"id":32375,"date":"2024-11-15T14:12:41","date_gmt":"2024-11-15T13:12:41","guid":{"rendered":"https:\/\/dmd.eu\/?post_type=product&#038;p=32375"},"modified":"2025-12-02T00:13:34","modified_gmt":"2025-12-01T23:13:34","slug":"seventyseven-yellow","status":"publish","type":"product","link":"https:\/\/dmd.eu\/fr\/prodotto\/casques-integraux\/seventyseven-helmets-fr\/seventyseven-yellow\/","title":{"rendered":"SEVENTYSEVEN YELLOW"},"content":{"rendered":"<p>Le <strong>casque int\u00e9gral Seventyseven Yellow<\/strong> s\u2019inspire d\u2019un mod\u00e8le embl\u00e9matique des ann\u00e9es 1970.<br \/>\nIl est tr\u00e8s l\u00e9ger pour un confort maximal lors du port, tout en garantissant la s\u00e9curit\u00e9 typique des casques int\u00e9graux. Sa base neutre le rend compatible avec tout type de moto, qu\u2019il s\u2019agisse d\u2019une Custom, Vintage ou Caf\u00e9 Racer. Il est \u00e9quip\u00e9 d\u2019une visi\u00e8re solaire interne escamotable, le rendant pratique, confortable et s\u00fbr.<\/p>\n<p>&nbsp;<\/p>\n","protected":false},"excerpt":{"rendered":"<p>Le casque int\u00e9gral Seventyseven Yellow s\u2019inspire d\u2019un mod\u00e8le embl\u00e9matique des ann\u00e9es 1970. Il est tr\u00e8s l\u00e9ger pour un confort maximal lors du port, tout en garantissant la s\u00e9curit\u00e9 typique des casques int\u00e9graux. Sa base neutre le rend compatible avec tout type de moto, qu\u2019il s\u2019agisse d\u2019une Custom, Vintage ou Caf\u00e9 Racer. Il est \u00e9quip\u00e9 d\u2019une [&hellip;]<\/p>\n","protected":false},"featured_media":46622,"comment_status":"closed","ping_status":"closed","template":"","meta":{"_acf_changed":false},"product_brand":[],"product_cat":[129,463],"product_tag":[],"giftcard-category":[],"class_list":{"0":"post-32375","1":"product","2":"type-product","3":"status-publish","4":"has-post-thumbnail","6":"product_cat-casques-integraux","7":"product_cat-seventyseven-helmets-fr","9":"first","10":"instock","11":"taxable","12":"shipping-taxable","13":"purchasable","14":"product-type-variable"},"acf":[],"jetpack_sharing_enabled":true,"_links":{"self":[{"href":"https:\/\/dmd.eu\/fr\/wp-json\/wp\/v2\/product\/32375","targetHints":{"allow":["GET"]}}],"collection":[{"href":"https:\/\/dmd.eu\/fr\/wp-json\/wp\/v2\/product"}],"about":[{"href":"https:\/\/dmd.eu\/fr\/wp-json\/wp\/v2\/types\/product"}],"replies":[{"embeddable":true,"href":"https:\/\/dmd.eu\/fr\/wp-json\/wp\/v2\/comments?post=32375"}],"wp:featuredmedia":[{"embeddable":true,"href":"https:\/\/dmd.eu\/fr\/wp-json\/wp\/v2\/media\/46622"}],"wp:attachment":[{"href":"https:\/\/dmd.eu\/fr\/wp-json\/wp\/v2\/media?parent=32375"}],"wp:term":[{"taxonomy":"product_brand","embeddable":true,"href":"https:\/\/dmd.eu\/fr\/wp-json\/wp\/v2\/product_brand?post=32375"},{"taxonomy":"product_cat","embeddable":true,"href":"https:\/\/dmd.eu\/fr\/wp-json\/wp\/v2\/product_cat?post=32375"},{"taxonomy":"product_tag","embeddable":true,"href":"https:\/\/dmd.eu\/fr\/wp-json\/wp\/v2\/product_tag?post=32375"},{"taxonomy":"giftcard-category","embeddable":true,"href":"https:\/\/dmd.eu\/fr\/wp-json\/wp\/v2\/giftcard-category?post=32375"}],"curies":[{"name":"wp","href":"https:\/\/api.w.org\/{rel}","templated":true}]}}