{"id":32134,"date":"2024-11-15T11:34:43","date_gmt":"2024-11-15T10:34:43","guid":{"rendered":"https:\/\/dmd.eu\/?post_type=product&#038;p=32134"},"modified":"2025-12-02T00:13:35","modified_gmt":"2025-12-01T23:13:35","slug":"seventyseven-matt-black","status":"publish","type":"product","link":"https:\/\/dmd.eu\/fr\/prodotto\/casques-integraux\/seventyseven-helmets-fr\/seventyseven-matt-black\/","title":{"rendered":"SEVENTYSEVEN MATT BLACK"},"content":{"rendered":"<p>Le casque int\u00e9gral <strong>Seventyseven Matt Black<\/strong> s&rsquo;inspire d&rsquo;un mod\u00e8le embl\u00e9matique des ann\u00e9es 1970. Il est tr\u00e8s l\u00e9ger pour un confort maximal lors du port, tout en garantissant la s\u00e9curit\u00e9 typique des casques int\u00e9graux. Sa base neutre le rend compatible avec tout type de moto, qu&rsquo;il s&rsquo;agisse d&rsquo;une Custom, Vintage ou Caf\u00e9 Racer. Il est \u00e9quip\u00e9 d\u2019une visi\u00e8re solaire interne escamotable, le rendant pratique, confortable et s\u00fbr.<\/p>\n","protected":false},"excerpt":{"rendered":"<p>Le casque int\u00e9gral Seventyseven Matt Black s&rsquo;inspire d&rsquo;un mod\u00e8le embl\u00e9matique des ann\u00e9es 1970. Il est tr\u00e8s l\u00e9ger pour un confort maximal lors du port, tout en garantissant la s\u00e9curit\u00e9 typique des casques int\u00e9graux. Sa base neutre le rend compatible avec tout type de moto, qu&rsquo;il s&rsquo;agisse d&rsquo;une Custom, Vintage ou Caf\u00e9 Racer. Il est \u00e9quip\u00e9 [&hellip;]<\/p>\n","protected":false},"featured_media":46885,"comment_status":"closed","ping_status":"closed","template":"","meta":{"_acf_changed":false},"product_brand":[],"product_cat":[129,463],"product_tag":[],"giftcard-category":[],"class_list":{"0":"post-32134","1":"product","2":"type-product","3":"status-publish","4":"has-post-thumbnail","6":"product_cat-casques-integraux","7":"product_cat-seventyseven-helmets-fr","9":"first","10":"instock","11":"taxable","12":"shipping-taxable","13":"purchasable","14":"product-type-variable"},"acf":[],"jetpack_sharing_enabled":true,"_links":{"self":[{"href":"https:\/\/dmd.eu\/fr\/wp-json\/wp\/v2\/product\/32134","targetHints":{"allow":["GET"]}}],"collection":[{"href":"https:\/\/dmd.eu\/fr\/wp-json\/wp\/v2\/product"}],"about":[{"href":"https:\/\/dmd.eu\/fr\/wp-json\/wp\/v2\/types\/product"}],"replies":[{"embeddable":true,"href":"https:\/\/dmd.eu\/fr\/wp-json\/wp\/v2\/comments?post=32134"}],"wp:featuredmedia":[{"embeddable":true,"href":"https:\/\/dmd.eu\/fr\/wp-json\/wp\/v2\/media\/46885"}],"wp:attachment":[{"href":"https:\/\/dmd.eu\/fr\/wp-json\/wp\/v2\/media?parent=32134"}],"wp:term":[{"taxonomy":"product_brand","embeddable":true,"href":"https:\/\/dmd.eu\/fr\/wp-json\/wp\/v2\/product_brand?post=32134"},{"taxonomy":"product_cat","embeddable":true,"href":"https:\/\/dmd.eu\/fr\/wp-json\/wp\/v2\/product_cat?post=32134"},{"taxonomy":"product_tag","embeddable":true,"href":"https:\/\/dmd.eu\/fr\/wp-json\/wp\/v2\/product_tag?post=32134"},{"taxonomy":"giftcard-category","embeddable":true,"href":"https:\/\/dmd.eu\/fr\/wp-json\/wp\/v2\/giftcard-category?post=32134"}],"curies":[{"name":"wp","href":"https:\/\/api.w.org\/{rel}","templated":true}]}}