{"id":31786,"date":"2024-11-09T12:28:35","date_gmt":"2024-11-09T11:28:35","guid":{"rendered":"https:\/\/dmd.eu\/?post_type=product&#038;p=31786"},"modified":"2025-12-16T19:12:26","modified_gmt":"2025-12-16T18:12:26","slug":"rivale-visor-ece-22-06","status":"publish","type":"product","link":"https:\/\/dmd.eu\/fr\/prodotto\/casques-integraux\/accessoires-integraux\/rivale-visor-ece-22-06\/","title":{"rendered":"RIVALE VISOR ECE 22.06"},"content":{"rendered":"<p>L&rsquo;<strong>accessoire Rivale Visor<\/strong> est con\u00e7u pour les casques de moto int\u00e9graux DMD, plus pr\u00e9cis\u00e9ment pour la gamme Rivale. Il s&rsquo;agit d&rsquo;une visi\u00e8re r\u00e9alis\u00e9e pour la protection du visage et des yeux, avec un syst\u00e8me de fermeture Pinlock.<br \/>\nDisponible en couleurs Transparent et Fum\u00e9.<\/p>\n<p>Cette visi\u00e8re est compatible uniquement avec les mod\u00e8les Rivale homologu\u00e9s ECE 22.06.<\/p>\n","protected":false},"excerpt":{"rendered":"<p>L&rsquo;accessoire Rivale Visor est con\u00e7u pour les casques de moto int\u00e9graux DMD, plus pr\u00e9cis\u00e9ment pour la gamme Rivale. Il s&rsquo;agit d&rsquo;une visi\u00e8re r\u00e9alis\u00e9e pour la protection du visage et des yeux, avec un syst\u00e8me de fermeture Pinlock. Disponible en couleurs Transparent et Fum\u00e9. Cette visi\u00e8re est compatible uniquement avec les mod\u00e8les Rivale homologu\u00e9s ECE 22.06.<\/p>\n","protected":false},"featured_media":29387,"comment_status":"closed","ping_status":"closed","template":"","meta":{"_acf_changed":false},"product_brand":[],"product_cat":[362,129],"product_tag":[],"giftcard-category":[],"class_list":{"0":"post-31786","1":"product","2":"type-product","3":"status-publish","4":"has-post-thumbnail","6":"product_cat-accessoires-integraux","7":"product_cat-casques-integraux","9":"first","10":"instock","11":"taxable","12":"shipping-taxable","13":"purchasable","14":"product-type-variable"},"acf":[],"jetpack_sharing_enabled":true,"_links":{"self":[{"href":"https:\/\/dmd.eu\/fr\/wp-json\/wp\/v2\/product\/31786","targetHints":{"allow":["GET"]}}],"collection":[{"href":"https:\/\/dmd.eu\/fr\/wp-json\/wp\/v2\/product"}],"about":[{"href":"https:\/\/dmd.eu\/fr\/wp-json\/wp\/v2\/types\/product"}],"replies":[{"embeddable":true,"href":"https:\/\/dmd.eu\/fr\/wp-json\/wp\/v2\/comments?post=31786"}],"wp:featuredmedia":[{"embeddable":true,"href":"https:\/\/dmd.eu\/fr\/wp-json\/wp\/v2\/media\/29387"}],"wp:attachment":[{"href":"https:\/\/dmd.eu\/fr\/wp-json\/wp\/v2\/media?parent=31786"}],"wp:term":[{"taxonomy":"product_brand","embeddable":true,"href":"https:\/\/dmd.eu\/fr\/wp-json\/wp\/v2\/product_brand?post=31786"},{"taxonomy":"product_cat","embeddable":true,"href":"https:\/\/dmd.eu\/fr\/wp-json\/wp\/v2\/product_cat?post=31786"},{"taxonomy":"product_tag","embeddable":true,"href":"https:\/\/dmd.eu\/fr\/wp-json\/wp\/v2\/product_tag?post=31786"},{"taxonomy":"giftcard-category","embeddable":true,"href":"https:\/\/dmd.eu\/fr\/wp-json\/wp\/v2\/giftcard-category?post=31786"}],"curies":[{"name":"wp","href":"https:\/\/api.w.org\/{rel}","templated":true}]}}