{"id":2979,"date":"2023-08-16T16:44:57","date_gmt":"2023-08-16T14:44:57","guid":{"rendered":"https:\/\/www.dmd.eu\/product\/non%20class\u00e9\/p1-star-white\/"},"modified":"2026-01-12T12:45:43","modified_gmt":"2026-01-12T11:45:43","slug":"p1-star-white","status":"publish","type":"product","link":"https:\/\/dmd.eu\/fr\/prodotto\/casques-jet\/casques-p1\/p1-star-white\/","title":{"rendered":"P1 STAR WHITE"},"content":{"rendered":"<p>Le <strong>casque demi-jet P1 Star White<\/strong> tire son nom de sa couleur. Son graphisme simple \u2014 une \u00e9toile noire sur une base blanc brillant \u2014 rappelle les mod\u00e8les historiques Stars and Stripes des ann\u00e9es soixante-dix. Avec ses lignes \u00e9pur\u00e9es, il pla\u00eet au motard amateur de vintage, mais aussi \u00e0 l\u2019utilisateur de scooter \u00e0 la recherche d\u2019un casque confortable, compact, s\u00fbr et original.<\/p>\n","protected":false},"excerpt":{"rendered":"<p>Le casque demi-jet P1 Star White tire son nom de sa couleur. Son graphisme simple \u2014 une \u00e9toile noire sur une base blanc brillant \u2014 rappelle les mod\u00e8les historiques Stars and Stripes des ann\u00e9es soixante-dix. Avec ses lignes \u00e9pur\u00e9es, il pla\u00eet au motard amateur de vintage, mais aussi \u00e0 l\u2019utilisateur de scooter \u00e0 la recherche [&hellip;]<\/p>\n","protected":false},"featured_media":54961,"comment_status":"closed","ping_status":"closed","template":"","meta":{"_acf_changed":false},"product_brand":[],"product_cat":[120,124],"product_tag":[],"giftcard-category":[],"class_list":{"0":"post-2979","1":"product","2":"type-product","3":"status-publish","4":"has-post-thumbnail","6":"product_cat-casques-jet","7":"product_cat-casques-p1","9":"first","10":"instock","11":"taxable","12":"shipping-taxable","13":"purchasable","14":"product-type-variable"},"acf":[],"jetpack_sharing_enabled":true,"_links":{"self":[{"href":"https:\/\/dmd.eu\/fr\/wp-json\/wp\/v2\/product\/2979","targetHints":{"allow":["GET"]}}],"collection":[{"href":"https:\/\/dmd.eu\/fr\/wp-json\/wp\/v2\/product"}],"about":[{"href":"https:\/\/dmd.eu\/fr\/wp-json\/wp\/v2\/types\/product"}],"replies":[{"embeddable":true,"href":"https:\/\/dmd.eu\/fr\/wp-json\/wp\/v2\/comments?post=2979"}],"wp:featuredmedia":[{"embeddable":true,"href":"https:\/\/dmd.eu\/fr\/wp-json\/wp\/v2\/media\/54961"}],"wp:attachment":[{"href":"https:\/\/dmd.eu\/fr\/wp-json\/wp\/v2\/media?parent=2979"}],"wp:term":[{"taxonomy":"product_brand","embeddable":true,"href":"https:\/\/dmd.eu\/fr\/wp-json\/wp\/v2\/product_brand?post=2979"},{"taxonomy":"product_cat","embeddable":true,"href":"https:\/\/dmd.eu\/fr\/wp-json\/wp\/v2\/product_cat?post=2979"},{"taxonomy":"product_tag","embeddable":true,"href":"https:\/\/dmd.eu\/fr\/wp-json\/wp\/v2\/product_tag?post=2979"},{"taxonomy":"giftcard-category","embeddable":true,"href":"https:\/\/dmd.eu\/fr\/wp-json\/wp\/v2\/giftcard-category?post=2979"}],"curies":[{"name":"wp","href":"https:\/\/api.w.org\/{rel}","templated":true}]}}