{"id":29682,"date":"2024-07-17T17:21:38","date_gmt":"2024-07-17T15:21:38","guid":{"rendered":"https:\/\/www.dmd.eu\/?post_type=product&#038;p=29682"},"modified":"2025-12-02T00:13:37","modified_gmt":"2025-12-01T23:13:37","slug":"trip","status":"publish","type":"product","link":"https:\/\/dmd.eu\/fr\/prodotto\/casques-jet\/casques-retro\/trip\/","title":{"rendered":"TRIP"},"content":{"rendered":"<p>Le casque J<strong>et Retro Trip <\/strong>fait partie de la collection de casques DMD jet.<br \/>\nR\u00e9alis\u00e9 sur une base marron m\u00e9tallis\u00e9, ce mod\u00e8le est enrichi d\u2019un graphisme exclusif. Laissez-vous s\u00e9duire par la particularit\u00e9, combin\u00e9e \u00e0 un brin de folie, du casque jet Retro Trip.<\/p>\n","protected":false},"excerpt":{"rendered":"<p>Le casque Jet Retro Trip fait partie de la collection de casques DMD jet. R\u00e9alis\u00e9 sur une base marron m\u00e9tallis\u00e9, ce mod\u00e8le est enrichi d\u2019un graphisme exclusif. Laissez-vous s\u00e9duire par la particularit\u00e9, combin\u00e9e \u00e0 un brin de folie, du casque jet Retro Trip.<\/p>\n","protected":false},"featured_media":40013,"comment_status":"closed","ping_status":"closed","template":"","meta":{"_acf_changed":false},"product_brand":[],"product_cat":[120,456],"product_tag":[],"giftcard-category":[],"class_list":{"0":"post-29682","1":"product","2":"type-product","3":"status-publish","4":"has-post-thumbnail","6":"product_cat-casques-jet","7":"product_cat-casques-retro","9":"first","10":"instock","11":"taxable","12":"shipping-taxable","13":"purchasable","14":"product-type-variable"},"acf":[],"jetpack_sharing_enabled":true,"_links":{"self":[{"href":"https:\/\/dmd.eu\/fr\/wp-json\/wp\/v2\/product\/29682","targetHints":{"allow":["GET"]}}],"collection":[{"href":"https:\/\/dmd.eu\/fr\/wp-json\/wp\/v2\/product"}],"about":[{"href":"https:\/\/dmd.eu\/fr\/wp-json\/wp\/v2\/types\/product"}],"replies":[{"embeddable":true,"href":"https:\/\/dmd.eu\/fr\/wp-json\/wp\/v2\/comments?post=29682"}],"wp:featuredmedia":[{"embeddable":true,"href":"https:\/\/dmd.eu\/fr\/wp-json\/wp\/v2\/media\/40013"}],"wp:attachment":[{"href":"https:\/\/dmd.eu\/fr\/wp-json\/wp\/v2\/media?parent=29682"}],"wp:term":[{"taxonomy":"product_brand","embeddable":true,"href":"https:\/\/dmd.eu\/fr\/wp-json\/wp\/v2\/product_brand?post=29682"},{"taxonomy":"product_cat","embeddable":true,"href":"https:\/\/dmd.eu\/fr\/wp-json\/wp\/v2\/product_cat?post=29682"},{"taxonomy":"product_tag","embeddable":true,"href":"https:\/\/dmd.eu\/fr\/wp-json\/wp\/v2\/product_tag?post=29682"},{"taxonomy":"giftcard-category","embeddable":true,"href":"https:\/\/dmd.eu\/fr\/wp-json\/wp\/v2\/giftcard-category?post=29682"}],"curies":[{"name":"wp","href":"https:\/\/api.w.org\/{rel}","templated":true}]}}