{"id":26735,"date":"2024-06-04T10:40:25","date_gmt":"2024-06-04T08:40:25","guid":{"rendered":"https:\/\/www.dmd.eu\/?post_type=product&#038;p=26735"},"modified":"2025-12-02T00:13:39","modified_gmt":"2025-12-01T23:13:39","slug":"rio","status":"publish","type":"product","link":"https:\/\/dmd.eu\/fr\/prodotto\/casques-oro\/rio\/","title":{"rendered":"RIO"},"content":{"rendered":"<p>Le <strong>casque jet Vintage Rio<\/strong> est fabriqu\u00e9 avec des mat\u00e9riaux de haute qualit\u00e9 qui le rendent l\u00e9ger, doux et particuli\u00e8rement confortable. Sa couleur monochrome vert p\u00e9trole, avec une finition brillante et une garniture en cuir jaune, donne au casque jet Vintage Rio une touche de lumi\u00e8re inattendue et il est parfait pour les vrais fans du style r\u00e9tro. L\u2019int\u00e9rieur en cuir et shalimar est de couleur noire.<br \/>\nId\u00e9al pour tous les riders qui aiment un produit de qualit\u00e9 en mesure de r\u00e9pondre \u00e0 toutes les normes de s\u00e9curit\u00e9 modernes, ce casque est parfait pour les motos Custom, Vintage, Caf\u00e8 racer, Harley Davidson, Triumph, BMW, Honda, Guzzi, et Indian.<\/p>\n","protected":false},"excerpt":{"rendered":"<p>Le casque jet Vintage Rio est fabriqu\u00e9 avec des mat\u00e9riaux de haute qualit\u00e9 qui le rendent l\u00e9ger, doux et particuli\u00e8rement confortable. Sa couleur monochrome vert p\u00e9trole, avec une finition brillante et une garniture en cuir jaune, donne au casque jet Vintage Rio une touche de lumi\u00e8re inattendue et il est parfait pour les vrais fans [&hellip;]<\/p>\n","protected":false},"featured_media":26765,"comment_status":"closed","ping_status":"closed","template":"","meta":{"_acf_changed":false},"product_brand":[],"product_cat":[93],"product_tag":[],"giftcard-category":[],"class_list":{"0":"post-26735","1":"product","2":"type-product","3":"status-publish","4":"has-post-thumbnail","6":"product_cat-casques-oro","8":"first","9":"instock","10":"sale","11":"taxable","12":"shipping-taxable","13":"purchasable","14":"product-type-variable"},"acf":[],"jetpack_sharing_enabled":true,"_links":{"self":[{"href":"https:\/\/dmd.eu\/fr\/wp-json\/wp\/v2\/product\/26735","targetHints":{"allow":["GET"]}}],"collection":[{"href":"https:\/\/dmd.eu\/fr\/wp-json\/wp\/v2\/product"}],"about":[{"href":"https:\/\/dmd.eu\/fr\/wp-json\/wp\/v2\/types\/product"}],"replies":[{"embeddable":true,"href":"https:\/\/dmd.eu\/fr\/wp-json\/wp\/v2\/comments?post=26735"}],"wp:featuredmedia":[{"embeddable":true,"href":"https:\/\/dmd.eu\/fr\/wp-json\/wp\/v2\/media\/26765"}],"wp:attachment":[{"href":"https:\/\/dmd.eu\/fr\/wp-json\/wp\/v2\/media?parent=26735"}],"wp:term":[{"taxonomy":"product_brand","embeddable":true,"href":"https:\/\/dmd.eu\/fr\/wp-json\/wp\/v2\/product_brand?post=26735"},{"taxonomy":"product_cat","embeddable":true,"href":"https:\/\/dmd.eu\/fr\/wp-json\/wp\/v2\/product_cat?post=26735"},{"taxonomy":"product_tag","embeddable":true,"href":"https:\/\/dmd.eu\/fr\/wp-json\/wp\/v2\/product_tag?post=26735"},{"taxonomy":"giftcard-category","embeddable":true,"href":"https:\/\/dmd.eu\/fr\/wp-json\/wp\/v2\/giftcard-category?post=26735"}],"curies":[{"name":"wp","href":"https:\/\/api.w.org\/{rel}","templated":true}]}}