{"id":26525,"date":"2024-06-04T10:24:40","date_gmt":"2024-06-04T08:24:40","guid":{"rendered":"https:\/\/www.dmd.eu\/?post_type=product&#038;p=26525"},"modified":"2025-12-02T00:13:39","modified_gmt":"2025-12-01T23:13:39","slug":"berlino","status":"publish","type":"product","link":"https:\/\/dmd.eu\/fr\/prodotto\/casques-oro\/berlino\/","title":{"rendered":"BERLINO"},"content":{"rendered":"<p>Le <strong>casque jet Vintage Berlino<\/strong> de la Collezione Oro pr\u00e9sente une base de couleur noir mat finie avec des bords en cuir vert et un int\u00e9rieur noir.<br \/>\nComme tous les produits de la Collezione Oro, il est fabriqu\u00e9 avec des mat\u00e9riaux de haute qualit\u00e9 qui le rendent l\u00e9ger, doux et particuli\u00e8rement confortable.<br \/>\nLa base neutre, enrichie par la touche de couleur des bords en cuir, le rend compatible avec tout type de moto, que ce soit une moto Custom, Vintage ou Caf\u00e9 Racer.<\/p>\n","protected":false},"excerpt":{"rendered":"<p>Le casque jet Vintage Berlino de la Collezione Oro pr\u00e9sente une base de couleur noir mat finie avec des bords en cuir vert et un int\u00e9rieur noir. Comme tous les produits de la Collezione Oro, il est fabriqu\u00e9 avec des mat\u00e9riaux de haute qualit\u00e9 qui le rendent l\u00e9ger, doux et particuli\u00e8rement confortable. La base neutre, [&hellip;]<\/p>\n","protected":false},"featured_media":26555,"comment_status":"closed","ping_status":"closed","template":"","meta":{"_acf_changed":false},"product_brand":[],"product_cat":[93],"product_tag":[],"giftcard-category":[],"class_list":{"0":"post-26525","1":"product","2":"type-product","3":"status-publish","4":"has-post-thumbnail","6":"product_cat-casques-oro","8":"first","9":"instock","10":"sale","11":"taxable","12":"shipping-taxable","13":"purchasable","14":"product-type-variable"},"acf":[],"jetpack_sharing_enabled":true,"_links":{"self":[{"href":"https:\/\/dmd.eu\/fr\/wp-json\/wp\/v2\/product\/26525","targetHints":{"allow":["GET"]}}],"collection":[{"href":"https:\/\/dmd.eu\/fr\/wp-json\/wp\/v2\/product"}],"about":[{"href":"https:\/\/dmd.eu\/fr\/wp-json\/wp\/v2\/types\/product"}],"replies":[{"embeddable":true,"href":"https:\/\/dmd.eu\/fr\/wp-json\/wp\/v2\/comments?post=26525"}],"wp:featuredmedia":[{"embeddable":true,"href":"https:\/\/dmd.eu\/fr\/wp-json\/wp\/v2\/media\/26555"}],"wp:attachment":[{"href":"https:\/\/dmd.eu\/fr\/wp-json\/wp\/v2\/media?parent=26525"}],"wp:term":[{"taxonomy":"product_brand","embeddable":true,"href":"https:\/\/dmd.eu\/fr\/wp-json\/wp\/v2\/product_brand?post=26525"},{"taxonomy":"product_cat","embeddable":true,"href":"https:\/\/dmd.eu\/fr\/wp-json\/wp\/v2\/product_cat?post=26525"},{"taxonomy":"product_tag","embeddable":true,"href":"https:\/\/dmd.eu\/fr\/wp-json\/wp\/v2\/product_tag?post=26525"},{"taxonomy":"giftcard-category","embeddable":true,"href":"https:\/\/dmd.eu\/fr\/wp-json\/wp\/v2\/giftcard-category?post=26525"}],"curies":[{"name":"wp","href":"https:\/\/api.w.org\/{rel}","templated":true}]}}