{"id":26290,"date":"2024-06-04T09:54:21","date_gmt":"2024-06-04T07:54:21","guid":{"rendered":"https:\/\/www.dmd.eu\/?post_type=product&#038;p=26290"},"modified":"2025-12-02T00:13:40","modified_gmt":"2025-12-01T23:13:40","slug":"amsterdam","status":"publish","type":"product","link":"https:\/\/dmd.eu\/fr\/prodotto\/casques-oro\/amsterdam\/","title":{"rendered":"AMSTERDAM"},"content":{"rendered":"<p>Le <strong>casque int\u00e9graux Seventyfive Amsterdam<\/strong> pr\u00e9sente une base grise brillante avec une finition en cuir bleu et un int\u00e9rieur bleu.<br \/>\nComme tous les produits de la Collezione Oro, il est fabriqu\u00e9 avec des mat\u00e9riaux de haute qualit\u00e9 qui le rendent l\u00e9ger, doux et particuli\u00e8rement confortable.<br \/>\nLa base neutre, enrichie par la touche de couleur des bords, le rend compatible avec tout type de moto, que ce soit une moto Custom, Vintage ou Caf\u00e9 Racer.<\/p>\n","protected":false},"excerpt":{"rendered":"<p>Le casque int\u00e9graux Seventyfive Amsterdam pr\u00e9sente une base grise brillante avec une finition en cuir bleu et un int\u00e9rieur bleu. Comme tous les produits de la Collezione Oro, il est fabriqu\u00e9 avec des mat\u00e9riaux de haute qualit\u00e9 qui le rendent l\u00e9ger, doux et particuli\u00e8rement confortable. La base neutre, enrichie par la touche de couleur des [&hellip;]<\/p>\n","protected":false},"featured_media":26318,"comment_status":"closed","ping_status":"closed","template":"","meta":{"_acf_changed":false},"product_brand":[],"product_cat":[93],"product_tag":[],"giftcard-category":[],"class_list":{"0":"post-26290","1":"product","2":"type-product","3":"status-publish","4":"has-post-thumbnail","6":"product_cat-casques-oro","8":"first","9":"instock","10":"sale","11":"taxable","12":"shipping-taxable","13":"purchasable","14":"product-type-variable"},"acf":[],"jetpack_sharing_enabled":true,"_links":{"self":[{"href":"https:\/\/dmd.eu\/fr\/wp-json\/wp\/v2\/product\/26290","targetHints":{"allow":["GET"]}}],"collection":[{"href":"https:\/\/dmd.eu\/fr\/wp-json\/wp\/v2\/product"}],"about":[{"href":"https:\/\/dmd.eu\/fr\/wp-json\/wp\/v2\/types\/product"}],"replies":[{"embeddable":true,"href":"https:\/\/dmd.eu\/fr\/wp-json\/wp\/v2\/comments?post=26290"}],"wp:featuredmedia":[{"embeddable":true,"href":"https:\/\/dmd.eu\/fr\/wp-json\/wp\/v2\/media\/26318"}],"wp:attachment":[{"href":"https:\/\/dmd.eu\/fr\/wp-json\/wp\/v2\/media?parent=26290"}],"wp:term":[{"taxonomy":"product_brand","embeddable":true,"href":"https:\/\/dmd.eu\/fr\/wp-json\/wp\/v2\/product_brand?post=26290"},{"taxonomy":"product_cat","embeddable":true,"href":"https:\/\/dmd.eu\/fr\/wp-json\/wp\/v2\/product_cat?post=26290"},{"taxonomy":"product_tag","embeddable":true,"href":"https:\/\/dmd.eu\/fr\/wp-json\/wp\/v2\/product_tag?post=26290"},{"taxonomy":"giftcard-category","embeddable":true,"href":"https:\/\/dmd.eu\/fr\/wp-json\/wp\/v2\/giftcard-category?post=26290"}],"curies":[{"name":"wp","href":"https:\/\/api.w.org\/{rel}","templated":true}]}}