{"id":25696,"date":"2024-05-22T15:31:00","date_gmt":"2024-05-22T13:31:00","guid":{"rendered":"https:\/\/www.dmd.eu\/?post_type=product&#038;p=25696"},"modified":"2025-12-02T00:13:40","modified_gmt":"2025-12-01T23:13:40","slug":"rivale-pinlock","status":"publish","type":"product","link":"https:\/\/dmd.eu\/fr\/prodotto\/casques-integraux\/accessoires-integraux\/rivale-pinlock\/","title":{"rendered":"RIVALE PINLOCK"},"content":{"rendered":"<p>L\u2019<strong>accessoire Pinlock<\/strong> est con\u00e7u pour les casques moto int\u00e9graux DMD, plus pr\u00e9cis\u00e9ment pour la ligne Rivale. C\u2019est un accessoire qui est install\u00e9 dans la paroi interne de la visi\u00e8re du casque. \u00c0 l\u2019int\u00e9rieur, il cr\u00e9e une chambre \u00e0 air, ce qui emp\u00eache le casque de se embuer.<\/p>\n","protected":false},"excerpt":{"rendered":"<p>L\u2019accessoire Pinlock est con\u00e7u pour les casques moto int\u00e9graux DMD, plus pr\u00e9cis\u00e9ment pour la ligne Rivale. C\u2019est un accessoire qui est install\u00e9 dans la paroi interne de la visi\u00e8re du casque. \u00c0 l\u2019int\u00e9rieur, il cr\u00e9e une chambre \u00e0 air, ce qui emp\u00eache le casque de se embuer.<\/p>\n","protected":false},"featured_media":55704,"comment_status":"closed","ping_status":"closed","template":"","meta":{"_acf_changed":false},"product_brand":[],"product_cat":[362,129],"product_tag":[],"giftcard-category":[],"class_list":{"0":"post-25696","1":"product","2":"type-product","3":"status-publish","4":"has-post-thumbnail","6":"product_cat-accessoires-integraux","7":"product_cat-casques-integraux","9":"first","10":"instock","11":"taxable","12":"shipping-taxable","13":"purchasable","14":"product-type-variable"},"acf":[],"jetpack_sharing_enabled":true,"_links":{"self":[{"href":"https:\/\/dmd.eu\/fr\/wp-json\/wp\/v2\/product\/25696","targetHints":{"allow":["GET"]}}],"collection":[{"href":"https:\/\/dmd.eu\/fr\/wp-json\/wp\/v2\/product"}],"about":[{"href":"https:\/\/dmd.eu\/fr\/wp-json\/wp\/v2\/types\/product"}],"replies":[{"embeddable":true,"href":"https:\/\/dmd.eu\/fr\/wp-json\/wp\/v2\/comments?post=25696"}],"wp:featuredmedia":[{"embeddable":true,"href":"https:\/\/dmd.eu\/fr\/wp-json\/wp\/v2\/media\/55704"}],"wp:attachment":[{"href":"https:\/\/dmd.eu\/fr\/wp-json\/wp\/v2\/media?parent=25696"}],"wp:term":[{"taxonomy":"product_brand","embeddable":true,"href":"https:\/\/dmd.eu\/fr\/wp-json\/wp\/v2\/product_brand?post=25696"},{"taxonomy":"product_cat","embeddable":true,"href":"https:\/\/dmd.eu\/fr\/wp-json\/wp\/v2\/product_cat?post=25696"},{"taxonomy":"product_tag","embeddable":true,"href":"https:\/\/dmd.eu\/fr\/wp-json\/wp\/v2\/product_tag?post=25696"},{"taxonomy":"giftcard-category","embeddable":true,"href":"https:\/\/dmd.eu\/fr\/wp-json\/wp\/v2\/giftcard-category?post=25696"}],"curies":[{"name":"wp","href":"https:\/\/api.w.org\/{rel}","templated":true}]}}