{"id":24802,"date":"2024-05-17T10:31:00","date_gmt":"2024-05-17T08:31:00","guid":{"rendered":"https:\/\/www.dmd.eu\/?post_type=product&#038;p=24802"},"modified":"2025-12-02T00:13:41","modified_gmt":"2025-12-01T23:13:41","slug":"rivale-white","status":"publish","type":"product","link":"https:\/\/dmd.eu\/fr\/prodotto\/casques-integraux\/casques-rivale-06\/rivale-white\/","title":{"rendered":"RIVALE WHITE"},"content":{"rendered":"<p>Le <strong>casque int\u00e9graux Rivale White <\/strong>a un design essentiel qui contient un concentr\u00e9 d&rsquo;innovation et de technologie. Gr\u00e2ce \u00e0 une nouvelle fibre tri-composite, nous avons pu cr\u00e9er un produit super-compact qui r\u00e9pond \u00e0 toutes les normes de s\u00e9curit\u00e9 modernes et offre un ajustement confortable.<br \/>\nUn casque int\u00e9graux au go\u00fbt classique qui rend hommage aux ann\u00e9es fastes du sport motocycliste.<br \/>\nClassique dans cette variante blanc monochrome.<br \/>\nFabriqu\u00e9 en Italie, avec passion.<\/p>\n","protected":false},"excerpt":{"rendered":"<p>Le casque int\u00e9graux Rivale White a un design essentiel qui contient un concentr\u00e9 d&rsquo;innovation et de technologie. Gr\u00e2ce \u00e0 une nouvelle fibre tri-composite, nous avons pu cr\u00e9er un produit super-compact qui r\u00e9pond \u00e0 toutes les normes de s\u00e9curit\u00e9 modernes et offre un ajustement confortable. Un casque int\u00e9graux au go\u00fbt classique qui rend hommage aux ann\u00e9es [&hellip;]<\/p>\n","protected":false},"featured_media":29265,"comment_status":"closed","ping_status":"closed","template":"","meta":{"_acf_changed":false},"product_brand":[],"product_cat":[129,1288],"product_tag":[],"giftcard-category":[],"class_list":{"0":"post-24802","1":"product","2":"type-product","3":"status-publish","4":"has-post-thumbnail","6":"product_cat-casques-integraux","7":"product_cat-casques-rivale-06","9":"first","10":"instock","11":"taxable","12":"shipping-taxable","13":"purchasable","14":"product-type-variable"},"acf":[],"jetpack_sharing_enabled":true,"_links":{"self":[{"href":"https:\/\/dmd.eu\/fr\/wp-json\/wp\/v2\/product\/24802","targetHints":{"allow":["GET"]}}],"collection":[{"href":"https:\/\/dmd.eu\/fr\/wp-json\/wp\/v2\/product"}],"about":[{"href":"https:\/\/dmd.eu\/fr\/wp-json\/wp\/v2\/types\/product"}],"replies":[{"embeddable":true,"href":"https:\/\/dmd.eu\/fr\/wp-json\/wp\/v2\/comments?post=24802"}],"wp:featuredmedia":[{"embeddable":true,"href":"https:\/\/dmd.eu\/fr\/wp-json\/wp\/v2\/media\/29265"}],"wp:attachment":[{"href":"https:\/\/dmd.eu\/fr\/wp-json\/wp\/v2\/media?parent=24802"}],"wp:term":[{"taxonomy":"product_brand","embeddable":true,"href":"https:\/\/dmd.eu\/fr\/wp-json\/wp\/v2\/product_brand?post=24802"},{"taxonomy":"product_cat","embeddable":true,"href":"https:\/\/dmd.eu\/fr\/wp-json\/wp\/v2\/product_cat?post=24802"},{"taxonomy":"product_tag","embeddable":true,"href":"https:\/\/dmd.eu\/fr\/wp-json\/wp\/v2\/product_tag?post=24802"},{"taxonomy":"giftcard-category","embeddable":true,"href":"https:\/\/dmd.eu\/fr\/wp-json\/wp\/v2\/giftcard-category?post=24802"}],"curies":[{"name":"wp","href":"https:\/\/api.w.org\/{rel}","templated":true}]}}