{"id":24365,"date":"2024-05-15T09:43:38","date_gmt":"2024-05-15T07:43:38","guid":{"rendered":"https:\/\/www.dmd.eu\/?post_type=product&#038;p=24365"},"modified":"2025-12-02T00:13:42","modified_gmt":"2025-12-01T23:13:42","slug":"rivale-gp-06","status":"publish","type":"product","link":"https:\/\/dmd.eu\/fr\/prodotto\/casques-integraux\/casques-rivale-06\/rivale-gp-06\/","title":{"rendered":"RIVALE GP"},"content":{"rendered":"<p>Le <strong>casque integraux Rivale GP<\/strong> a un design essentiel qui cache un concentr\u00e9 d&rsquo;innovation et de technologie.<br \/>\nGr\u00e2ce \u00e0 une nouvelle fibre tri-composite, nous avons pu cr\u00e9er un produit super-compact qui r\u00e9pond \u00e0 toutes les normes de s\u00e9curit\u00e9 modernes et offre un ajustement confortable.<br \/>\nUn casque int\u00e9graux \u00e0 l\u2019allure classique qui rend hommage aux ann\u00e9es fastes du sport motocycliste.<br \/>\nRugissant dans cette variante rouge avec des d\u00e9tails noirs.<br \/>\nFabriqu\u00e9 en Italie, avec passion.<\/p>\n","protected":false},"excerpt":{"rendered":"<p>Le casque integraux Rivale GP a un design essentiel qui cache un concentr\u00e9 d&rsquo;innovation et de technologie. Gr\u00e2ce \u00e0 une nouvelle fibre tri-composite, nous avons pu cr\u00e9er un produit super-compact qui r\u00e9pond \u00e0 toutes les normes de s\u00e9curit\u00e9 modernes et offre un ajustement confortable. Un casque int\u00e9graux \u00e0 l\u2019allure classique qui rend hommage aux ann\u00e9es [&hellip;]<\/p>\n","protected":false},"featured_media":52039,"comment_status":"closed","ping_status":"closed","template":"","meta":{"_acf_changed":false},"product_brand":[],"product_cat":[129,1288],"product_tag":[],"giftcard-category":[],"class_list":{"0":"post-24365","1":"product","2":"type-product","3":"status-publish","4":"has-post-thumbnail","6":"product_cat-casques-integraux","7":"product_cat-casques-rivale-06","9":"first","10":"instock","11":"taxable","12":"shipping-taxable","13":"purchasable","14":"product-type-variable"},"acf":[],"jetpack_sharing_enabled":true,"_links":{"self":[{"href":"https:\/\/dmd.eu\/fr\/wp-json\/wp\/v2\/product\/24365","targetHints":{"allow":["GET"]}}],"collection":[{"href":"https:\/\/dmd.eu\/fr\/wp-json\/wp\/v2\/product"}],"about":[{"href":"https:\/\/dmd.eu\/fr\/wp-json\/wp\/v2\/types\/product"}],"replies":[{"embeddable":true,"href":"https:\/\/dmd.eu\/fr\/wp-json\/wp\/v2\/comments?post=24365"}],"wp:featuredmedia":[{"embeddable":true,"href":"https:\/\/dmd.eu\/fr\/wp-json\/wp\/v2\/media\/52039"}],"wp:attachment":[{"href":"https:\/\/dmd.eu\/fr\/wp-json\/wp\/v2\/media?parent=24365"}],"wp:term":[{"taxonomy":"product_brand","embeddable":true,"href":"https:\/\/dmd.eu\/fr\/wp-json\/wp\/v2\/product_brand?post=24365"},{"taxonomy":"product_cat","embeddable":true,"href":"https:\/\/dmd.eu\/fr\/wp-json\/wp\/v2\/product_cat?post=24365"},{"taxonomy":"product_tag","embeddable":true,"href":"https:\/\/dmd.eu\/fr\/wp-json\/wp\/v2\/product_tag?post=24365"},{"taxonomy":"giftcard-category","embeddable":true,"href":"https:\/\/dmd.eu\/fr\/wp-json\/wp\/v2\/giftcard-category?post=24365"}],"curies":[{"name":"wp","href":"https:\/\/api.w.org\/{rel}","templated":true}]}}