{"id":23186,"date":"2024-05-08T10:28:04","date_gmt":"2024-05-08T08:28:04","guid":{"rendered":"https:\/\/www.dmd.eu\/?post_type=product&#038;p=23186"},"modified":"2025-12-02T00:13:46","modified_gmt":"2025-12-01T23:13:46","slug":"squadra-corse-retro","status":"publish","type":"product","link":"https:\/\/dmd.eu\/fr\/prodotto\/casques-jet\/casques-retro\/squadra-corse-retro\/","title":{"rendered":"SQUADRA CORSE"},"content":{"rendered":"<p>Le\u00a0<strong>casque jet Retro Squadra Corse<\/strong>\u00a0est inspir\u00e9 des casques de course des ann\u00e9es 1970. DMD a d\u00e9cid\u00e9 de s&rsquo;inspirer de cet \u00e2ge d&rsquo;or en cr\u00e9ant un casque au look r\u00e9tro et \u00e0 l&rsquo;effet v\u00e9cu, mais dont la fabrication r\u00e9pond \u00e0 toutes les normes de s\u00e9curit\u00e9 modernes.<\/p>\n","protected":false},"excerpt":{"rendered":"<p>Le\u00a0casque jet Retro Squadra Corse\u00a0est inspir\u00e9 des casques de course des ann\u00e9es 1970. DMD a d\u00e9cid\u00e9 de s&rsquo;inspirer de cet \u00e2ge d&rsquo;or en cr\u00e9ant un casque au look r\u00e9tro et \u00e0 l&rsquo;effet v\u00e9cu, mais dont la fabrication r\u00e9pond \u00e0 toutes les normes de s\u00e9curit\u00e9 modernes.<\/p>\n","protected":false},"featured_media":42222,"comment_status":"closed","ping_status":"closed","template":"","meta":{"_acf_changed":false},"product_brand":[],"product_cat":[120,456],"product_tag":[],"giftcard-category":[],"class_list":{"0":"post-23186","1":"product","2":"type-product","3":"status-publish","4":"has-post-thumbnail","6":"product_cat-casques-jet","7":"product_cat-casques-retro","9":"first","10":"instock","11":"taxable","12":"shipping-taxable","13":"purchasable","14":"product-type-variable"},"acf":[],"jetpack_sharing_enabled":true,"_links":{"self":[{"href":"https:\/\/dmd.eu\/fr\/wp-json\/wp\/v2\/product\/23186","targetHints":{"allow":["GET"]}}],"collection":[{"href":"https:\/\/dmd.eu\/fr\/wp-json\/wp\/v2\/product"}],"about":[{"href":"https:\/\/dmd.eu\/fr\/wp-json\/wp\/v2\/types\/product"}],"replies":[{"embeddable":true,"href":"https:\/\/dmd.eu\/fr\/wp-json\/wp\/v2\/comments?post=23186"}],"wp:featuredmedia":[{"embeddable":true,"href":"https:\/\/dmd.eu\/fr\/wp-json\/wp\/v2\/media\/42222"}],"wp:attachment":[{"href":"https:\/\/dmd.eu\/fr\/wp-json\/wp\/v2\/media?parent=23186"}],"wp:term":[{"taxonomy":"product_brand","embeddable":true,"href":"https:\/\/dmd.eu\/fr\/wp-json\/wp\/v2\/product_brand?post=23186"},{"taxonomy":"product_cat","embeddable":true,"href":"https:\/\/dmd.eu\/fr\/wp-json\/wp\/v2\/product_cat?post=23186"},{"taxonomy":"product_tag","embeddable":true,"href":"https:\/\/dmd.eu\/fr\/wp-json\/wp\/v2\/product_tag?post=23186"},{"taxonomy":"giftcard-category","embeddable":true,"href":"https:\/\/dmd.eu\/fr\/wp-json\/wp\/v2\/giftcard-category?post=23186"}],"curies":[{"name":"wp","href":"https:\/\/api.w.org\/{rel}","templated":true}]}}