{"id":23083,"date":"2024-05-06T16:43:43","date_gmt":"2024-05-06T14:43:43","guid":{"rendered":"https:\/\/www.dmd.eu\/?post_type=product&#038;p=23083"},"modified":"2025-12-02T00:13:46","modified_gmt":"2025-12-01T23:13:46","slug":"oldie-retro","status":"publish","type":"product","link":"https:\/\/dmd.eu\/fr\/prodotto\/casques-jet\/casques-retro\/oldie-retro\/","title":{"rendered":"OLDIE"},"content":{"rendered":"<p>Le\u00a0<strong>casque jet Retro Oldie<\/strong>\u00a0exprime l\u2019une de nos devises caract\u00e9ristiques. Les graphismes r\u00e9alis\u00e9s en exclusivit\u00e9 pour DMD donnent au casque un style particulier qui exprime pleinement l\u2019humeur et le style de vie d\u2019un v\u00e9ritable rider.<\/p>\n","protected":false},"excerpt":{"rendered":"<p>Le\u00a0casque jet Retro Oldie\u00a0exprime l\u2019une de nos devises caract\u00e9ristiques. Les graphismes r\u00e9alis\u00e9s en exclusivit\u00e9 pour DMD donnent au casque un style particulier qui exprime pleinement l\u2019humeur et le style de vie d\u2019un v\u00e9ritable rider.<\/p>\n","protected":false},"featured_media":45813,"comment_status":"closed","ping_status":"closed","template":"","meta":{"_acf_changed":false},"product_brand":[],"product_cat":[120,456],"product_tag":[],"giftcard-category":[],"class_list":{"0":"post-23083","1":"product","2":"type-product","3":"status-publish","4":"has-post-thumbnail","6":"product_cat-casques-jet","7":"product_cat-casques-retro","9":"first","10":"instock","11":"taxable","12":"shipping-taxable","13":"purchasable","14":"product-type-variable"},"acf":[],"jetpack_sharing_enabled":true,"_links":{"self":[{"href":"https:\/\/dmd.eu\/fr\/wp-json\/wp\/v2\/product\/23083","targetHints":{"allow":["GET"]}}],"collection":[{"href":"https:\/\/dmd.eu\/fr\/wp-json\/wp\/v2\/product"}],"about":[{"href":"https:\/\/dmd.eu\/fr\/wp-json\/wp\/v2\/types\/product"}],"replies":[{"embeddable":true,"href":"https:\/\/dmd.eu\/fr\/wp-json\/wp\/v2\/comments?post=23083"}],"wp:featuredmedia":[{"embeddable":true,"href":"https:\/\/dmd.eu\/fr\/wp-json\/wp\/v2\/media\/45813"}],"wp:attachment":[{"href":"https:\/\/dmd.eu\/fr\/wp-json\/wp\/v2\/media?parent=23083"}],"wp:term":[{"taxonomy":"product_brand","embeddable":true,"href":"https:\/\/dmd.eu\/fr\/wp-json\/wp\/v2\/product_brand?post=23083"},{"taxonomy":"product_cat","embeddable":true,"href":"https:\/\/dmd.eu\/fr\/wp-json\/wp\/v2\/product_cat?post=23083"},{"taxonomy":"product_tag","embeddable":true,"href":"https:\/\/dmd.eu\/fr\/wp-json\/wp\/v2\/product_tag?post=23083"},{"taxonomy":"giftcard-category","embeddable":true,"href":"https:\/\/dmd.eu\/fr\/wp-json\/wp\/v2\/giftcard-category?post=23083"}],"curies":[{"name":"wp","href":"https:\/\/api.w.org\/{rel}","templated":true}]}}