{"id":22866,"date":"2024-05-02T17:31:36","date_gmt":"2024-05-02T15:31:36","guid":{"rendered":"https:\/\/www.dmd.eu\/?post_type=product&#038;p=22866"},"modified":"2025-12-02T00:13:47","modified_gmt":"2025-12-01T23:13:47","slug":"petrolhead-retro","status":"publish","type":"product","link":"https:\/\/dmd.eu\/fr\/prodotto\/casques-jet\/casques-retro\/petrolhead-retro\/","title":{"rendered":"PETROLHEAD"},"content":{"rendered":"<p>Le\u00a0<strong>casque jet Retro Petrolhead<\/strong> fait partie de la collection de casques DMD jet Retro. Les graphismes de ce casque jet sont r\u00e9alis\u00e9s sur une base vert p\u00e9trole, enrichie de quatre coups de pinceau lat\u00e9raux contrast\u00e9s qui rappellent une paire d\u2019ailes. Les couleurs du casque jet Retro Petrolhead lui donnent un aspect flamboyant et particulier, parfait pour les vrais fans du style <em>vintage<\/em>.<\/p>\n","protected":false},"excerpt":{"rendered":"<p>Le\u00a0casque jet Retro Petrolhead fait partie de la collection de casques DMD jet Retro. Les graphismes de ce casque jet sont r\u00e9alis\u00e9s sur une base vert p\u00e9trole, enrichie de quatre coups de pinceau lat\u00e9raux contrast\u00e9s qui rappellent une paire d\u2019ailes. Les couleurs du casque jet Retro Petrolhead lui donnent un aspect flamboyant et particulier, parfait [&hellip;]<\/p>\n","protected":false},"featured_media":45833,"comment_status":"closed","ping_status":"closed","template":"","meta":{"_acf_changed":false},"product_brand":[],"product_cat":[120,456],"product_tag":[],"giftcard-category":[],"class_list":{"0":"post-22866","1":"product","2":"type-product","3":"status-publish","4":"has-post-thumbnail","6":"product_cat-casques-jet","7":"product_cat-casques-retro","9":"first","10":"instock","11":"taxable","12":"shipping-taxable","13":"purchasable","14":"product-type-variable"},"acf":[],"jetpack_sharing_enabled":true,"_links":{"self":[{"href":"https:\/\/dmd.eu\/fr\/wp-json\/wp\/v2\/product\/22866","targetHints":{"allow":["GET"]}}],"collection":[{"href":"https:\/\/dmd.eu\/fr\/wp-json\/wp\/v2\/product"}],"about":[{"href":"https:\/\/dmd.eu\/fr\/wp-json\/wp\/v2\/types\/product"}],"replies":[{"embeddable":true,"href":"https:\/\/dmd.eu\/fr\/wp-json\/wp\/v2\/comments?post=22866"}],"wp:featuredmedia":[{"embeddable":true,"href":"https:\/\/dmd.eu\/fr\/wp-json\/wp\/v2\/media\/45833"}],"wp:attachment":[{"href":"https:\/\/dmd.eu\/fr\/wp-json\/wp\/v2\/media?parent=22866"}],"wp:term":[{"taxonomy":"product_brand","embeddable":true,"href":"https:\/\/dmd.eu\/fr\/wp-json\/wp\/v2\/product_brand?post=22866"},{"taxonomy":"product_cat","embeddable":true,"href":"https:\/\/dmd.eu\/fr\/wp-json\/wp\/v2\/product_cat?post=22866"},{"taxonomy":"product_tag","embeddable":true,"href":"https:\/\/dmd.eu\/fr\/wp-json\/wp\/v2\/product_tag?post=22866"},{"taxonomy":"giftcard-category","embeddable":true,"href":"https:\/\/dmd.eu\/fr\/wp-json\/wp\/v2\/giftcard-category?post=22866"}],"curies":[{"name":"wp","href":"https:\/\/api.w.org\/{rel}","templated":true}]}}