{"id":22811,"date":"2024-05-02T17:15:14","date_gmt":"2024-05-02T15:15:14","guid":{"rendered":"https:\/\/www.dmd.eu\/?post_type=product&#038;p=22811"},"modified":"2025-12-14T21:21:29","modified_gmt":"2025-12-14T20:21:29","slug":"sin-fin-retro","status":"publish","type":"product","link":"https:\/\/dmd.eu\/fr\/prodotto\/casques-jet\/casques-retro\/sin-fin-retro\/","title":{"rendered":"SIN FIN"},"content":{"rendered":"<p>Le\u00a0<strong>casque jet Retro Sin Fin<\/strong> se caract\u00e9rise par ses graphismes blancs sur une base noire mate. Il rappelle les \u00ab\u00a0calaveras\u00a0\u00bb (cr\u00e2nes mexicains) et nous emm\u00e8ne dans un monde de mythes et de l\u00e9gendes. Convient \u00e0 tous les types de motos, Harley Davidson, Custom, Vintage, Caf\u00e9 Racer ou scooter.<\/p>\n","protected":false},"excerpt":{"rendered":"<p>Le\u00a0casque jet Retro Sin Fin se caract\u00e9rise par ses graphismes blancs sur une base noire mate. Il rappelle les \u00ab\u00a0calaveras\u00a0\u00bb (cr\u00e2nes mexicains) et nous emm\u00e8ne dans un monde de mythes et de l\u00e9gendes. Convient \u00e0 tous les types de motos, Harley Davidson, Custom, Vintage, Caf\u00e9 Racer ou scooter.<\/p>\n","protected":false},"featured_media":50992,"comment_status":"closed","ping_status":"closed","template":"","meta":{"_acf_changed":false},"product_brand":[],"product_cat":[120,456],"product_tag":[],"giftcard-category":[],"class_list":{"0":"post-22811","1":"product","2":"type-product","3":"status-publish","4":"has-post-thumbnail","6":"product_cat-casques-jet","7":"product_cat-casques-retro","9":"first","10":"instock","11":"taxable","12":"shipping-taxable","13":"purchasable","14":"product-type-variable"},"acf":[],"jetpack_sharing_enabled":true,"_links":{"self":[{"href":"https:\/\/dmd.eu\/fr\/wp-json\/wp\/v2\/product\/22811","targetHints":{"allow":["GET"]}}],"collection":[{"href":"https:\/\/dmd.eu\/fr\/wp-json\/wp\/v2\/product"}],"about":[{"href":"https:\/\/dmd.eu\/fr\/wp-json\/wp\/v2\/types\/product"}],"replies":[{"embeddable":true,"href":"https:\/\/dmd.eu\/fr\/wp-json\/wp\/v2\/comments?post=22811"}],"wp:featuredmedia":[{"embeddable":true,"href":"https:\/\/dmd.eu\/fr\/wp-json\/wp\/v2\/media\/50992"}],"wp:attachment":[{"href":"https:\/\/dmd.eu\/fr\/wp-json\/wp\/v2\/media?parent=22811"}],"wp:term":[{"taxonomy":"product_brand","embeddable":true,"href":"https:\/\/dmd.eu\/fr\/wp-json\/wp\/v2\/product_brand?post=22811"},{"taxonomy":"product_cat","embeddable":true,"href":"https:\/\/dmd.eu\/fr\/wp-json\/wp\/v2\/product_cat?post=22811"},{"taxonomy":"product_tag","embeddable":true,"href":"https:\/\/dmd.eu\/fr\/wp-json\/wp\/v2\/product_tag?post=22811"},{"taxonomy":"giftcard-category","embeddable":true,"href":"https:\/\/dmd.eu\/fr\/wp-json\/wp\/v2\/giftcard-category?post=22811"}],"curies":[{"name":"wp","href":"https:\/\/api.w.org\/{rel}","templated":true}]}}