{"id":22681,"date":"2024-05-02T16:56:43","date_gmt":"2024-05-02T14:56:43","guid":{"rendered":"https:\/\/www.dmd.eu\/?post_type=product&#038;p=22681"},"modified":"2025-12-02T00:13:48","modified_gmt":"2025-12-01T23:13:48","slug":"cards-retro","status":"publish","type":"product","link":"https:\/\/dmd.eu\/fr\/prodotto\/casques-jet\/casques-retro\/cards-retro\/","title":{"rendered":"CARDS"},"content":{"rendered":"<p>Le\u00a0<strong>casque jet Retro Cards<\/strong>\u00a0a une base noire mate orn\u00e9e par des graphismes avec un caract\u00e8re fort. Il convient \u00e0 tous les types de motos, en particulier les Harley Davidson, et est d\u00e9di\u00e9 aux motards \u00e0 l&rsquo;\u00e2me rock.<\/p>\n","protected":false},"excerpt":{"rendered":"<p>Le\u00a0casque jet Retro Cards\u00a0a une base noire mate orn\u00e9e par des graphismes avec un caract\u00e8re fort. Il convient \u00e0 tous les types de motos, en particulier les Harley Davidson, et est d\u00e9di\u00e9 aux motards \u00e0 l&rsquo;\u00e2me rock.<\/p>\n","protected":false},"featured_media":50957,"comment_status":"closed","ping_status":"closed","template":"","meta":{"_acf_changed":false},"product_brand":[],"product_cat":[120,456],"product_tag":[],"giftcard-category":[],"class_list":{"0":"post-22681","1":"product","2":"type-product","3":"status-publish","4":"has-post-thumbnail","6":"product_cat-casques-jet","7":"product_cat-casques-retro","9":"first","10":"instock","11":"taxable","12":"shipping-taxable","13":"purchasable","14":"product-type-variable"},"acf":[],"jetpack_sharing_enabled":true,"_links":{"self":[{"href":"https:\/\/dmd.eu\/fr\/wp-json\/wp\/v2\/product\/22681","targetHints":{"allow":["GET"]}}],"collection":[{"href":"https:\/\/dmd.eu\/fr\/wp-json\/wp\/v2\/product"}],"about":[{"href":"https:\/\/dmd.eu\/fr\/wp-json\/wp\/v2\/types\/product"}],"replies":[{"embeddable":true,"href":"https:\/\/dmd.eu\/fr\/wp-json\/wp\/v2\/comments?post=22681"}],"wp:featuredmedia":[{"embeddable":true,"href":"https:\/\/dmd.eu\/fr\/wp-json\/wp\/v2\/media\/50957"}],"wp:attachment":[{"href":"https:\/\/dmd.eu\/fr\/wp-json\/wp\/v2\/media?parent=22681"}],"wp:term":[{"taxonomy":"product_brand","embeddable":true,"href":"https:\/\/dmd.eu\/fr\/wp-json\/wp\/v2\/product_brand?post=22681"},{"taxonomy":"product_cat","embeddable":true,"href":"https:\/\/dmd.eu\/fr\/wp-json\/wp\/v2\/product_cat?post=22681"},{"taxonomy":"product_tag","embeddable":true,"href":"https:\/\/dmd.eu\/fr\/wp-json\/wp\/v2\/product_tag?post=22681"},{"taxonomy":"giftcard-category","embeddable":true,"href":"https:\/\/dmd.eu\/fr\/wp-json\/wp\/v2\/giftcard-category?post=22681"}],"curies":[{"name":"wp","href":"https:\/\/api.w.org\/{rel}","templated":true}]}}