{"id":22626,"date":"2024-05-02T16:40:21","date_gmt":"2024-05-02T14:40:21","guid":{"rendered":"https:\/\/www.dmd.eu\/?post_type=product&#038;p=22626"},"modified":"2025-12-02T00:13:48","modified_gmt":"2025-12-01T23:13:48","slug":"woodstock-retro","status":"publish","type":"product","link":"https:\/\/dmd.eu\/fr\/prodotto\/casques-jet\/casques-retro\/woodstock-retro\/","title":{"rendered":"WOODSTOCK"},"content":{"rendered":"<p>Le\u00a0<strong>casque jet Retro Woodstock<\/strong>\u00a0a \u00e9t\u00e9 le premier design con\u00e7u exclusivement pour DMD, et reste l\u2019un des plus appr\u00e9ci\u00e9s par les clients.<br \/>\nIl r\u00e9unit tous les \u00e9l\u00e9ments d&rsquo;une \u00e9poque magique et de grands changements, celle des ann\u00e9es 1970.<\/p>\n","protected":false},"excerpt":{"rendered":"<p>Le\u00a0casque jet Retro Woodstock\u00a0a \u00e9t\u00e9 le premier design con\u00e7u exclusivement pour DMD, et reste l\u2019un des plus appr\u00e9ci\u00e9s par les clients. Il r\u00e9unit tous les \u00e9l\u00e9ments d&rsquo;une \u00e9poque magique et de grands changements, celle des ann\u00e9es 1970.<\/p>\n","protected":false},"featured_media":48144,"comment_status":"closed","ping_status":"closed","template":"","meta":{"_acf_changed":false},"product_brand":[],"product_cat":[120,456],"product_tag":[],"giftcard-category":[],"class_list":{"0":"post-22626","1":"product","2":"type-product","3":"status-publish","4":"has-post-thumbnail","6":"product_cat-casques-jet","7":"product_cat-casques-retro","9":"first","10":"instock","11":"taxable","12":"shipping-taxable","13":"purchasable","14":"product-type-variable"},"acf":[],"jetpack_sharing_enabled":true,"_links":{"self":[{"href":"https:\/\/dmd.eu\/fr\/wp-json\/wp\/v2\/product\/22626","targetHints":{"allow":["GET"]}}],"collection":[{"href":"https:\/\/dmd.eu\/fr\/wp-json\/wp\/v2\/product"}],"about":[{"href":"https:\/\/dmd.eu\/fr\/wp-json\/wp\/v2\/types\/product"}],"replies":[{"embeddable":true,"href":"https:\/\/dmd.eu\/fr\/wp-json\/wp\/v2\/comments?post=22626"}],"wp:featuredmedia":[{"embeddable":true,"href":"https:\/\/dmd.eu\/fr\/wp-json\/wp\/v2\/media\/48144"}],"wp:attachment":[{"href":"https:\/\/dmd.eu\/fr\/wp-json\/wp\/v2\/media?parent=22626"}],"wp:term":[{"taxonomy":"product_brand","embeddable":true,"href":"https:\/\/dmd.eu\/fr\/wp-json\/wp\/v2\/product_brand?post=22626"},{"taxonomy":"product_cat","embeddable":true,"href":"https:\/\/dmd.eu\/fr\/wp-json\/wp\/v2\/product_cat?post=22626"},{"taxonomy":"product_tag","embeddable":true,"href":"https:\/\/dmd.eu\/fr\/wp-json\/wp\/v2\/product_tag?post=22626"},{"taxonomy":"giftcard-category","embeddable":true,"href":"https:\/\/dmd.eu\/fr\/wp-json\/wp\/v2\/giftcard-category?post=22626"}],"curies":[{"name":"wp","href":"https:\/\/api.w.org\/{rel}","templated":true}]}}