{"id":22571,"date":"2024-05-02T16:25:31","date_gmt":"2024-05-02T14:25:31","guid":{"rendered":"https:\/\/www.dmd.eu\/?post_type=product&#038;p=22571"},"modified":"2025-12-02T00:13:49","modified_gmt":"2025-12-01T23:13:49","slug":"circus-retro","status":"publish","type":"product","link":"https:\/\/dmd.eu\/fr\/prodotto\/casques-jet\/casques-retro\/circus-retro\/","title":{"rendered":"CIRCUS"},"content":{"rendered":"<p>Le\u00a0<strong>casque jet Retro Circus<\/strong>\u00a0se pr\u00e9sente avec une base blanche mate enrichie d\u2019un graphisme repr\u00e9sentant une s\u00e9rie de personnages du monde du cirque qui donnent au casque un aspect tr\u00e8s color\u00e9.<br \/>\nCe casque plaira au motard amateur de vintage, mais aussi au scoot\u00e9riste \u00e0 la recherche d&rsquo;un casque confortable, petit, s\u00fbr et original.<\/p>\n","protected":false},"excerpt":{"rendered":"<p>Le\u00a0casque jet Retro Circus\u00a0se pr\u00e9sente avec une base blanche mate enrichie d\u2019un graphisme repr\u00e9sentant une s\u00e9rie de personnages du monde du cirque qui donnent au casque un aspect tr\u00e8s color\u00e9. Ce casque plaira au motard amateur de vintage, mais aussi au scoot\u00e9riste \u00e0 la recherche d&rsquo;un casque confortable, petit, s\u00fbr et original.<\/p>\n","protected":false},"featured_media":48169,"comment_status":"closed","ping_status":"closed","template":"","meta":{"_acf_changed":false},"product_brand":[],"product_cat":[120,456],"product_tag":[],"giftcard-category":[],"class_list":{"0":"post-22571","1":"product","2":"type-product","3":"status-publish","4":"has-post-thumbnail","6":"product_cat-casques-jet","7":"product_cat-casques-retro","9":"first","10":"instock","11":"taxable","12":"shipping-taxable","13":"purchasable","14":"product-type-variable"},"acf":[],"jetpack_sharing_enabled":true,"_links":{"self":[{"href":"https:\/\/dmd.eu\/fr\/wp-json\/wp\/v2\/product\/22571","targetHints":{"allow":["GET"]}}],"collection":[{"href":"https:\/\/dmd.eu\/fr\/wp-json\/wp\/v2\/product"}],"about":[{"href":"https:\/\/dmd.eu\/fr\/wp-json\/wp\/v2\/types\/product"}],"replies":[{"embeddable":true,"href":"https:\/\/dmd.eu\/fr\/wp-json\/wp\/v2\/comments?post=22571"}],"wp:featuredmedia":[{"embeddable":true,"href":"https:\/\/dmd.eu\/fr\/wp-json\/wp\/v2\/media\/48169"}],"wp:attachment":[{"href":"https:\/\/dmd.eu\/fr\/wp-json\/wp\/v2\/media?parent=22571"}],"wp:term":[{"taxonomy":"product_brand","embeddable":true,"href":"https:\/\/dmd.eu\/fr\/wp-json\/wp\/v2\/product_brand?post=22571"},{"taxonomy":"product_cat","embeddable":true,"href":"https:\/\/dmd.eu\/fr\/wp-json\/wp\/v2\/product_cat?post=22571"},{"taxonomy":"product_tag","embeddable":true,"href":"https:\/\/dmd.eu\/fr\/wp-json\/wp\/v2\/product_tag?post=22571"},{"taxonomy":"giftcard-category","embeddable":true,"href":"https:\/\/dmd.eu\/fr\/wp-json\/wp\/v2\/giftcard-category?post=22571"}],"curies":[{"name":"wp","href":"https:\/\/api.w.org\/{rel}","templated":true}]}}