{"id":22330,"date":"2024-04-30T16:57:20","date_gmt":"2024-04-30T14:57:20","guid":{"rendered":"https:\/\/www.dmd.eu\/?post_type=product&#038;p=22330"},"modified":"2025-12-02T00:13:49","modified_gmt":"2025-12-01T23:13:49","slug":"ita-grey-retro","status":"publish","type":"product","link":"https:\/\/dmd.eu\/fr\/prodotto\/casques-jet\/casques-retro\/ita-grey-retro\/","title":{"rendered":"ITA GREY"},"content":{"rendered":"<p>Le\u00a0<strong>casque jet Retro Ita Grey <\/strong>est tr\u00e8s simple et \u00e9l\u00e9gant gr\u00e2ce \u00e0 sa couleur neutre gris mat. Compact, s\u00fbr et confortable, il convient \u00e0 tous les types de motos, qu&rsquo;elles soient Custom, Caf\u00e9 Racer ou Vintage.<\/p>\n","protected":false},"excerpt":{"rendered":"<p>Le\u00a0casque jet Retro Ita Grey est tr\u00e8s simple et \u00e9l\u00e9gant gr\u00e2ce \u00e0 sa couleur neutre gris mat. Compact, s\u00fbr et confortable, il convient \u00e0 tous les types de motos, qu&rsquo;elles soient Custom, Caf\u00e9 Racer ou Vintage.<\/p>\n","protected":false},"featured_media":37281,"comment_status":"closed","ping_status":"closed","template":"","meta":{"_acf_changed":false},"product_brand":[],"product_cat":[120,456],"product_tag":[],"giftcard-category":[],"class_list":{"0":"post-22330","1":"product","2":"type-product","3":"status-publish","4":"has-post-thumbnail","6":"product_cat-casques-jet","7":"product_cat-casques-retro","9":"first","10":"instock","11":"taxable","12":"shipping-taxable","13":"purchasable","14":"product-type-variable"},"acf":[],"jetpack_sharing_enabled":true,"_links":{"self":[{"href":"https:\/\/dmd.eu\/fr\/wp-json\/wp\/v2\/product\/22330","targetHints":{"allow":["GET"]}}],"collection":[{"href":"https:\/\/dmd.eu\/fr\/wp-json\/wp\/v2\/product"}],"about":[{"href":"https:\/\/dmd.eu\/fr\/wp-json\/wp\/v2\/types\/product"}],"replies":[{"embeddable":true,"href":"https:\/\/dmd.eu\/fr\/wp-json\/wp\/v2\/comments?post=22330"}],"wp:featuredmedia":[{"embeddable":true,"href":"https:\/\/dmd.eu\/fr\/wp-json\/wp\/v2\/media\/37281"}],"wp:attachment":[{"href":"https:\/\/dmd.eu\/fr\/wp-json\/wp\/v2\/media?parent=22330"}],"wp:term":[{"taxonomy":"product_brand","embeddable":true,"href":"https:\/\/dmd.eu\/fr\/wp-json\/wp\/v2\/product_brand?post=22330"},{"taxonomy":"product_cat","embeddable":true,"href":"https:\/\/dmd.eu\/fr\/wp-json\/wp\/v2\/product_cat?post=22330"},{"taxonomy":"product_tag","embeddable":true,"href":"https:\/\/dmd.eu\/fr\/wp-json\/wp\/v2\/product_tag?post=22330"},{"taxonomy":"giftcard-category","embeddable":true,"href":"https:\/\/dmd.eu\/fr\/wp-json\/wp\/v2\/giftcard-category?post=22330"}],"curies":[{"name":"wp","href":"https:\/\/api.w.org\/{rel}","templated":true}]}}