{"id":22212,"date":"2024-04-30T16:53:15","date_gmt":"2024-04-30T14:53:15","guid":{"rendered":"https:\/\/www.dmd.eu\/?post_type=product&#038;p=22212"},"modified":"2025-12-02T00:13:50","modified_gmt":"2025-12-01T23:13:50","slug":"ita-black-retro","status":"publish","type":"product","link":"https:\/\/dmd.eu\/fr\/prodotto\/casques-jet\/casques-retro\/ita-black-retro\/","title":{"rendered":"ITA BLACK"},"content":{"rendered":"<p>Le\u00a0<strong>casque jet Retro Ita Black<\/strong>\u00a0est tr\u00e8s simple et \u00e9l\u00e9gant gr\u00e2ce \u00e0 sa couleur noire mate,\u00a0<em>must have<\/em>\u00a0des derni\u00e8res ann\u00e9es. Compact, s\u00fbr et confortable, il convient \u00e0 tous les types de motos, qu&rsquo;elles soient Custom, Caf\u00e9 Racer ou Vintage.<\/p>\n","protected":false},"excerpt":{"rendered":"<p>Le\u00a0casque jet Retro Ita Black\u00a0est tr\u00e8s simple et \u00e9l\u00e9gant gr\u00e2ce \u00e0 sa couleur noire mate,\u00a0must have\u00a0des derni\u00e8res ann\u00e9es. Compact, s\u00fbr et confortable, il convient \u00e0 tous les types de motos, qu&rsquo;elles soient Custom, Caf\u00e9 Racer ou Vintage.<\/p>\n","protected":false},"featured_media":37249,"comment_status":"closed","ping_status":"closed","template":"","meta":{"_acf_changed":false},"product_brand":[],"product_cat":[120,456],"product_tag":[],"giftcard-category":[],"class_list":{"0":"post-22212","1":"product","2":"type-product","3":"status-publish","4":"has-post-thumbnail","6":"product_cat-casques-jet","7":"product_cat-casques-retro","9":"first","10":"instock","11":"taxable","12":"shipping-taxable","13":"purchasable","14":"product-type-variable"},"acf":[],"jetpack_sharing_enabled":true,"_links":{"self":[{"href":"https:\/\/dmd.eu\/fr\/wp-json\/wp\/v2\/product\/22212","targetHints":{"allow":["GET"]}}],"collection":[{"href":"https:\/\/dmd.eu\/fr\/wp-json\/wp\/v2\/product"}],"about":[{"href":"https:\/\/dmd.eu\/fr\/wp-json\/wp\/v2\/types\/product"}],"replies":[{"embeddable":true,"href":"https:\/\/dmd.eu\/fr\/wp-json\/wp\/v2\/comments?post=22212"}],"wp:featuredmedia":[{"embeddable":true,"href":"https:\/\/dmd.eu\/fr\/wp-json\/wp\/v2\/media\/37249"}],"wp:attachment":[{"href":"https:\/\/dmd.eu\/fr\/wp-json\/wp\/v2\/media?parent=22212"}],"wp:term":[{"taxonomy":"product_brand","embeddable":true,"href":"https:\/\/dmd.eu\/fr\/wp-json\/wp\/v2\/product_brand?post=22212"},{"taxonomy":"product_cat","embeddable":true,"href":"https:\/\/dmd.eu\/fr\/wp-json\/wp\/v2\/product_cat?post=22212"},{"taxonomy":"product_tag","embeddable":true,"href":"https:\/\/dmd.eu\/fr\/wp-json\/wp\/v2\/product_tag?post=22212"},{"taxonomy":"giftcard-category","embeddable":true,"href":"https:\/\/dmd.eu\/fr\/wp-json\/wp\/v2\/giftcard-category?post=22212"}],"curies":[{"name":"wp","href":"https:\/\/api.w.org\/{rel}","templated":true}]}}