{"id":22089,"date":"2024-04-30T16:39:22","date_gmt":"2024-04-30T14:39:22","guid":{"rendered":"https:\/\/www.dmd.eu\/?post_type=product&#038;p=22089"},"modified":"2025-12-02T00:13:51","modified_gmt":"2025-12-01T23:13:51","slug":"olive-gold-retro","status":"publish","type":"product","link":"https:\/\/dmd.eu\/fr\/prodotto\/casques-jet\/casques-retro\/olive-gold-retro\/","title":{"rendered":"OLIVE GOLD"},"content":{"rendered":"<p>Le <strong>casque jet Retro Olive Gold<\/strong>\u00a0fait partie de la collection de casques DMD jet Retro. La coque est r\u00e9alis\u00e9e dans une couleur dor\u00e9e unie qui lui donne un aspect raffin\u00e9 et \u00e9l\u00e9gant. Petit et compact, le casque jet Retro Olive enrichira votre look de motard, quelle que soit votre moto: Custom, Vintage, Caf\u00e9 Racer ou scooter.<\/p>\n","protected":false},"excerpt":{"rendered":"<p>Le casque jet Retro Olive Gold\u00a0fait partie de la collection de casques DMD jet Retro. La coque est r\u00e9alis\u00e9e dans une couleur dor\u00e9e unie qui lui donne un aspect raffin\u00e9 et \u00e9l\u00e9gant. Petit et compact, le casque jet Retro Olive enrichira votre look de motard, quelle que soit votre moto: Custom, Vintage, Caf\u00e9 Racer ou [&hellip;]<\/p>\n","protected":false},"featured_media":30694,"comment_status":"closed","ping_status":"closed","template":"","meta":{"_acf_changed":false},"product_brand":[],"product_cat":[120,456],"product_tag":[],"giftcard-category":[],"class_list":{"0":"post-22089","1":"product","2":"type-product","3":"status-publish","4":"has-post-thumbnail","6":"product_cat-casques-jet","7":"product_cat-casques-retro","9":"first","10":"instock","11":"taxable","12":"shipping-taxable","13":"purchasable","14":"product-type-variable"},"acf":[],"jetpack_sharing_enabled":true,"_links":{"self":[{"href":"https:\/\/dmd.eu\/fr\/wp-json\/wp\/v2\/product\/22089","targetHints":{"allow":["GET"]}}],"collection":[{"href":"https:\/\/dmd.eu\/fr\/wp-json\/wp\/v2\/product"}],"about":[{"href":"https:\/\/dmd.eu\/fr\/wp-json\/wp\/v2\/types\/product"}],"replies":[{"embeddable":true,"href":"https:\/\/dmd.eu\/fr\/wp-json\/wp\/v2\/comments?post=22089"}],"wp:featuredmedia":[{"embeddable":true,"href":"https:\/\/dmd.eu\/fr\/wp-json\/wp\/v2\/media\/30694"}],"wp:attachment":[{"href":"https:\/\/dmd.eu\/fr\/wp-json\/wp\/v2\/media?parent=22089"}],"wp:term":[{"taxonomy":"product_brand","embeddable":true,"href":"https:\/\/dmd.eu\/fr\/wp-json\/wp\/v2\/product_brand?post=22089"},{"taxonomy":"product_cat","embeddable":true,"href":"https:\/\/dmd.eu\/fr\/wp-json\/wp\/v2\/product_cat?post=22089"},{"taxonomy":"product_tag","embeddable":true,"href":"https:\/\/dmd.eu\/fr\/wp-json\/wp\/v2\/product_tag?post=22089"},{"taxonomy":"giftcard-category","embeddable":true,"href":"https:\/\/dmd.eu\/fr\/wp-json\/wp\/v2\/giftcard-category?post=22089"}],"curies":[{"name":"wp","href":"https:\/\/api.w.org\/{rel}","templated":true}]}}