{"id":21868,"date":"2024-04-30T16:15:06","date_gmt":"2024-04-30T14:15:06","guid":{"rendered":"https:\/\/www.dmd.eu\/?post_type=product&#038;p=21868"},"modified":"2026-03-31T09:18:11","modified_gmt":"2026-03-31T07:18:11","slug":"deep-green-retro","status":"publish","type":"product","link":"https:\/\/dmd.eu\/fr\/prodotto\/casques-jet\/casques-retro\/deep-green-retro\/","title":{"rendered":"DEEP GREEN"},"content":{"rendered":"<p>Le\u00a0<strong>casque jet Retro Deep Green<\/strong> fait partie de la gamme unicolore et se pr\u00e9sente dans une finition vert brillant. Compact, s\u00fbr et confortable, il convient \u00e0 tous les types de motos, qu&rsquo;elles soient Custom, Caf\u00e9 Racer ou Vintage.<\/p>\n","protected":false},"excerpt":{"rendered":"<p>Le\u00a0casque jet Retro Deep Green fait partie de la gamme unicolore et se pr\u00e9sente dans une finition vert brillant. Compact, s\u00fbr et confortable, il convient \u00e0 tous les types de motos, qu&rsquo;elles soient Custom, Caf\u00e9 Racer ou Vintage.<\/p>\n","protected":false},"featured_media":40985,"comment_status":"closed","ping_status":"closed","template":"","meta":{"_acf_changed":false},"product_brand":[],"product_cat":[120,456],"product_tag":[],"giftcard-category":[],"class_list":{"0":"post-21868","1":"product","2":"type-product","3":"status-publish","4":"has-post-thumbnail","6":"product_cat-casques-jet","7":"product_cat-casques-retro","9":"first","10":"instock","11":"taxable","12":"shipping-taxable","13":"purchasable","14":"product-type-variable"},"acf":[],"jetpack_sharing_enabled":true,"_links":{"self":[{"href":"https:\/\/dmd.eu\/fr\/wp-json\/wp\/v2\/product\/21868","targetHints":{"allow":["GET"]}}],"collection":[{"href":"https:\/\/dmd.eu\/fr\/wp-json\/wp\/v2\/product"}],"about":[{"href":"https:\/\/dmd.eu\/fr\/wp-json\/wp\/v2\/types\/product"}],"replies":[{"embeddable":true,"href":"https:\/\/dmd.eu\/fr\/wp-json\/wp\/v2\/comments?post=21868"}],"wp:featuredmedia":[{"embeddable":true,"href":"https:\/\/dmd.eu\/fr\/wp-json\/wp\/v2\/media\/40985"}],"wp:attachment":[{"href":"https:\/\/dmd.eu\/fr\/wp-json\/wp\/v2\/media?parent=21868"}],"wp:term":[{"taxonomy":"product_brand","embeddable":true,"href":"https:\/\/dmd.eu\/fr\/wp-json\/wp\/v2\/product_brand?post=21868"},{"taxonomy":"product_cat","embeddable":true,"href":"https:\/\/dmd.eu\/fr\/wp-json\/wp\/v2\/product_cat?post=21868"},{"taxonomy":"product_tag","embeddable":true,"href":"https:\/\/dmd.eu\/fr\/wp-json\/wp\/v2\/product_tag?post=21868"},{"taxonomy":"giftcard-category","embeddable":true,"href":"https:\/\/dmd.eu\/fr\/wp-json\/wp\/v2\/giftcard-category?post=21868"}],"curies":[{"name":"wp","href":"https:\/\/api.w.org\/{rel}","templated":true}]}}